{"id":187,"date":"2025-04-04T09:30:33","date_gmt":"2025-04-04T09:30:33","guid":{"rendered":"https:\/\/www.drewol.pl\/?page_id=187"},"modified":"2025-04-04T09:31:20","modified_gmt":"2025-04-04T09:31:20","slug":"regulamin","status":"publish","type":"page","link":"https:\/\/www.drewol.pl\/?page_id=187","title":{"rendered":"Regulamin"},"content":{"rendered":"\n<p class=\"has-xx-large-font-size\"><strong>REGULAMIN<\/strong><\/p>\n\n\n\n<p><strong>SPIS TRE\u015aCI<\/strong><br>Sekcja 1: Definicje<br>Sekcja 2: Kontakt ze Sprzedawc\u0105<br>Sekcja 3: Wymagania techniczne<br>Sekcja 4: Zakupy w Sklepie<br>Sekcja 5: P\u0142atno\u015bci<br>Sekcja 6: Realizacja zam\u00f3wie\u0144<br>Sekcja 7: Prawo odst\u0105pienia od umowy<br>Sekcja 8: Wyj\u0105tki od prawa odst\u0105pienia od umowy<br>Sekcja 9: Reklamacje<br>Sekcja 10: Dane osobowe<br>Sekcja 11: Zastrze\u017cenia<br>Za\u0142\u0105cznik nr 1: Wz\u00f3r formularza odst\u0105pienia od umowy<\/p>\n\n\n\n<hr class=\"wp-block-separator has-alpha-channel-opacity\"\/>\n\n\n\n<h3 class=\"wp-block-heading\"><strong>Sekcja 1: DEFINICJE<\/strong><\/h3>\n\n\n\n<p><strong>Dni robocze<\/strong>&nbsp;\u2013 dni od poniedzia\u0142ku do pi\u0105tku, z wy\u0142\u0105czeniem dni ustawowo wolnych od pracy.<br><strong>Konsument<\/strong>&nbsp;\u2013 osoba fizyczna dokonuj\u0105ca zakup\u00f3w w Sklepie, zgodnie z definicj\u0105 zawart\u0105 w Kodeksie cywilnym.<br><strong>Kupuj\u0105cy<\/strong>&nbsp;\u2013 osoba fizyczna, osoba prawna lub jednostka organizacyjna dokonuj\u0105ca zakup\u00f3w w Sklepie.<br><strong>Regulamin<\/strong>&nbsp;\u2013 niniejszy dokument okre\u015blaj\u0105cy zasady korzystania ze Sklepu.<br><strong>Sklep<\/strong>&nbsp;\u2013 sklep internetowy \u201eDrewol\u201d prowadzony przez Sprzedawc\u0119 pod adresem: <a href=\"https:\/\/www.drewol.pl\">https:\/\/www.drewol.pl<\/a><br><strong>Sprzedawca<\/strong>&nbsp;\u2013 FABRYKA KREDEK DREWOL Wojciech Woli\u0144ski, REGON:&nbsp;930375852<br>NIP:&nbsp;9161000501<\/p>\n\n\n\n<hr class=\"wp-block-separator has-alpha-channel-opacity\"\/>\n\n\n\n<h3 class=\"wp-block-heading\"><strong>Sekcja 2: KONTAKT ZE SPRZEDAWC\u0104<\/strong><\/h3>\n\n\n\n<p>Adres korespondencyjny: <strong>&nbsp;<\/strong>Dziewi\u0119tlin 1 a, 56-320 Kro\u015bnice<br>E-mail:&nbsp;drewol@poczta.fm<br>Telefon: +48 73 7171771<\/p>\n\n\n\n<hr class=\"wp-block-separator has-alpha-channel-opacity\"\/>\n\n\n\n<h3 class=\"wp-block-heading\"><strong>Sekcja 3: WYMAGANIA TECHNICZNE<\/strong><\/h3>\n\n\n\n<p>Do korzystania ze Sklepu wymagane s\u0105:<\/p>\n\n\n\n<ul class=\"wp-block-list\">\n<li>urz\u0105dzenie z dost\u0119pem do Internetu,<\/li>\n\n\n\n<li>przegl\u0105darka internetowa obs\u0142uguj\u0105ca JavaScript i pliki cookies,<\/li>\n\n\n\n<li>aktywne konto e-mail.<\/li>\n<\/ul>\n\n\n\n<hr class=\"wp-block-separator has-alpha-channel-opacity\"\/>\n\n\n\n<h3 class=\"wp-block-heading\"><strong>Sekcja 4: ZAKUPY W SKLEPIE<\/strong><\/h3>\n\n\n\n<ul class=\"wp-block-list\">\n<li>Wszystkie ceny podane w Sklepie s\u0105 cenami brutto (zawieraj\u0105 podatek VAT).<\/li>\n\n\n\n<li>Ca\u0142kowita cena zam\u00f3wienia obejmuje koszt towar\u00f3w oraz ewentualne koszty dostawy.<\/li>\n\n\n\n<li>W celu dokonania zakupu nale\u017cy doda\u0107 wybrane produkty do koszyka i post\u0119powa\u0107 zgodnie z instrukcjami na stronie Sklepu.<\/li>\n\n\n\n<li>Z\u0142o\u017cenie zam\u00f3wienia nast\u0119puje po potwierdzeniu szczeg\u00f3\u0142\u00f3w zam\u00f3wienia oraz akceptacji Regulaminu przez Kupuj\u0105cego.<\/li>\n\n\n\n<li>Umowa sprzeda\u017cy zostaje zawarta z chwil\u0105 z\u0142o\u017cenia zam\u00f3wienia.<\/li>\n\n\n\n<li>Potwierdzenie zawarcia umowy sprzeda\u017cy zostanie przekazane Konsumentowi na trwa\u0142ym no\u015bniku.<\/li>\n<\/ul>\n\n\n\n<hr class=\"wp-block-separator has-alpha-channel-opacity\"\/>\n\n\n\n<h3 class=\"wp-block-heading\"><strong>Sekcja 5: P\u0141ATNO\u015aCI<\/strong><\/h3>\n\n\n\n<p>Kupuj\u0105cy mo\u017ce wybra\u0107 jedn\u0105 z dost\u0119pnych metod p\u0142atno\u015bci:<br>\u2022 za po\u015brednictwem platformy p\u0142atniczej SureCard (p\u0142atno\u015b\u0107 kart\u0105, Apple Pay lub BLIK).<\/p>\n\n\n\n<p>W przypadku przedp\u0142aty Kupuj\u0105cy zobowi\u0105zany jest do dokonania p\u0142atno\u015bci w ci\u0105gu 1 dnia roboczego od z\u0142o\u017cenia zam\u00f3wienia.<br>Niekt\u00f3re metody p\u0142atno\u015bci mog\u0105 wymaga\u0107 natychmiastowego uregulowania nale\u017cno\u015bci po z\u0142o\u017ceniu zam\u00f3wienia.<br>Kupuj\u0105cy wyra\u017ca zgod\u0119 na otrzymywanie faktur w formie elektronicznej \u2013 zgoda ta mo\u017ce zosta\u0107 w ka\u017cdej chwili cofni\u0119ta.<\/p>\n\n\n\n<hr class=\"wp-block-separator has-alpha-channel-opacity\"\/>\n\n\n\n<h3 class=\"wp-block-heading\"><strong>Sekcja 6: REALIZACJA ZAM\u00d3WIE\u0143<\/strong><\/h3>\n\n\n\n<ul class=\"wp-block-list\">\n<li>Sprzedawca zobowi\u0105zuje si\u0119 dostarczy\u0107 towary wolne od wad.<\/li>\n\n\n\n<li>Czas realizacji zam\u00f3wienia okre\u015blony jest w opisie danego produktu.<\/li>\n\n\n\n<li>Realizacja zam\u00f3wienia rozpoczyna si\u0119 po zaksi\u0119gowaniu p\u0142atno\u015bci \u2013 je\u015bli wybrano przedp\u0142at\u0119.<\/li>\n\n\n\n<li>W przypadku zam\u00f3wienia produkt\u00f3w o r\u00f3\u017cnych czasach realizacji, przesy\u0142ka zostanie nadana zgodnie z najp\u00f3\u017aniejszym z termin\u00f3w.<\/li>\n\n\n\n<li>Dostawy realizowane s\u0105 na terenie Polski i odbywaj\u0105 si\u0119 zgodnie z wybran\u0105 przez Kupuj\u0105cego metod\u0105: kurier lub odbi\u00f3r osobisty.<\/li>\n\n\n\n<li>Koszty dostawy zale\u017c\u0105 od wagi i rozmiaru paczki oraz wybranej metody dostawy.<\/li>\n<\/ul>\n\n\n\n<hr class=\"wp-block-separator has-alpha-channel-opacity\"\/>\n\n\n\n<h3 class=\"wp-block-heading\"><strong>Sekcja 7: PRAWO ODST\u0104PIENIA OD UMOWY<\/strong><\/h3>\n\n\n\n<ul class=\"wp-block-list\">\n<li>Konsument ma prawo odst\u0105pi\u0107 od umowy w terminie 30 dni bez podania przyczyny, z zastrze\u017ceniem Sekcji 8 niniejszego Regulaminu.<\/li>\n\n\n\n<li>Termin na odst\u0105pienie liczony jest od dnia otrzymania towaru przez Konsumenta.<\/li>\n\n\n\n<li>Aby skorzysta\u0107 z prawa odst\u0105pienia, Konsument musi poinformowa\u0107 Sprzedawc\u0119 (np. e-mailem) o swojej decyzji.<\/li>\n\n\n\n<li>Konsument mo\u017ce, ale nie musi, skorzysta\u0107 z formularza odst\u0105pienia stanowi\u0105cego za\u0142\u0105cznik do niniejszego Regulaminu.<\/li>\n\n\n\n<li>Zwrot p\u0142atno\u015bci nast\u0105pi w terminie 14 dni od otrzymania zwr\u00f3conego towaru.<\/li>\n<\/ul>\n\n\n\n<hr class=\"wp-block-separator has-alpha-channel-opacity\"\/>\n\n\n\n<h3 class=\"wp-block-heading\"><strong>Sekcja 8: WYJ\u0104TKI OD PRAWA ODST\u0104PIENIA OD UMOWY<\/strong><\/h3>\n\n\n\n<p>Prawo odst\u0105pienia nie przys\u0142uguje Konsumentowi w przypadku um\u00f3w:<\/p>\n\n\n\n<ul class=\"wp-block-list\">\n<li>o \u015bwiadczenie us\u0142ug, je\u017celi us\u0142uga zosta\u0142a w pe\u0142ni wykonana za zgod\u0105 Konsumenta,<\/li>\n\n\n\n<li>o dostarczenie towar\u00f3w wykonanych wed\u0142ug specyfikacji Konsumenta,<\/li>\n\n\n\n<li>o dostarczenie towar\u00f3w szybko psuj\u0105cych si\u0119,<\/li>\n\n\n\n<li>o dostarczenie nagra\u0144 d\u017awi\u0119kowych lub wizualnych w zapiecz\u0119towanym opakowaniu \u2013 po jego otwarciu.<\/li>\n<\/ul>\n\n\n\n<hr class=\"wp-block-separator has-alpha-channel-opacity\"\/>\n\n\n\n<h3 class=\"wp-block-heading\"><strong>Sekcja 9: REKLAMACJE<\/strong><\/h3>\n\n\n\n<ul class=\"wp-block-list\">\n<li>Kupuj\u0105cemu przys\u0142uguje prawo do z\u0142o\u017cenia reklamacji z tytu\u0142u wad towaru zgodnie z przepisami Kodeksu cywilnego dotycz\u0105cymi r\u0119kojmi.<\/li>\n\n\n\n<li>Reklamacje nale\u017cy kierowa\u0107 na adres wskazany w Sekcji 2.<\/li>\n\n\n\n<li>W przypadku uznania reklamacji, Sprzedawca ponosi koszt zwrotu towaru.<\/li>\n\n\n\n<li>Reklamacje dotycz\u0105ce dzia\u0142ania Sklepu mo\u017cna zg\u0142asza\u0107 e-mailem na adres wskazany w Sekcji 2.<\/li>\n<\/ul>\n\n\n\n<hr class=\"wp-block-separator has-alpha-channel-opacity\"\/>\n\n\n\n<h3 class=\"wp-block-heading\"><strong>Sekcja 10: DANE OSOBOWE<\/strong><\/h3>\n\n\n\n<ul class=\"wp-block-list\">\n<li>Administratorem danych osobowych Kupuj\u0105cych jest Sprzedawca.<\/li>\n\n\n\n<li>Szczeg\u00f3\u0142y dotycz\u0105ce przetwarzania danych osobowych znajduj\u0105 si\u0119 w Polityce Prywatno\u015bci dost\u0119pnej na stronie Sklepu.<\/li>\n\n\n\n<li>Podanie danych osobowych jest dobrowolne, ale niezb\u0119dne do realizacji umowy sprzeda\u017cy.<\/li>\n\n\n\n<li>Kupuj\u0105cy posiada prawa zwi\u0105zane z przetwarzaniem danych: dost\u0119p, sprostowanie, usuni\u0119cie, przeniesienie danych, sprzeciw wobec przetwarzania.<\/li>\n<\/ul>\n\n\n\n<hr class=\"wp-block-separator has-alpha-channel-opacity\"\/>\n\n\n\n<h3 class=\"wp-block-heading\"><strong>Sekcja 11: ZASTRZE\u017bENIA<\/strong><\/h3>\n\n\n\n<ul class=\"wp-block-list\">\n<li>Zakazane jest dostarczanie tre\u015bci o charakterze bezprawnym.<\/li>\n\n\n\n<li>Ka\u017cde z\u0142o\u017cone zam\u00f3wienie stanowi odr\u0119bn\u0105 umow\u0119 sprzeda\u017cy i wymaga akceptacji niniejszego Regulaminu.<\/li>\n\n\n\n<li>Wszystkie umowy zawierane s\u0105 w j\u0119zyku polskim.<\/li>\n\n\n\n<li>W przypadku sporu z Kupuj\u0105cym nieb\u0119d\u0105cym Konsumentem, w\u0142a\u015bciwym s\u0105dem b\u0119dzie s\u0105d w\u0142a\u015bciwy dla siedziby Sprzedawcy.<\/li>\n\n\n\n<li>Przepisy dotycz\u0105ce towar\u00f3w stosuje si\u0119 odpowiednio do tre\u015bci cyfrowych.<\/li>\n<\/ul>\n\n\n\n<hr class=\"wp-block-separator has-alpha-channel-opacity\"\/>\n\n\n\n<h3 class=\"wp-block-heading\"><strong>Za\u0142\u0105cznik nr 1: Wz\u00f3r formularza odst\u0105pienia od umowy<\/strong><\/h3>\n\n\n\n<p>Miejscowo\u015b\u0107, data: \u2026\u2026\u2026\u2026\u2026\u2026\u2026<\/p>\n\n\n\n<p>FABRYKA KREDEK DREWOL Wojciech Woli\u0144ski<\/p>\n\n\n\n<p><strong>&nbsp;<\/strong>Dziewi\u0119tlin 1 a, 56-320 Kro\u015bnice<\/p>\n\n\n\n<p><strong>O\u015bwiadczenie o odst\u0105pieniu od umowy zawartej na odleg\u0142o\u015b\u0107 lub poza lokalem przedsi\u0119biorstwa<\/strong><\/p>\n\n\n\n<p>Ja, \u2026\u2026\u2026\u2026\u2026\u2026\u2026\u2026\u2026\u2026\u2026 (imi\u0119 i nazwisko Konsumenta), niniejszym informuj\u0119 o odst\u0105pieniu od umowy sprzeda\u017cy zawartej dnia \u2026\u2026\u2026\u2026\u2026\u2026\u2026 dotycz\u0105cej nast\u0119puj\u0105cych towar\u00f3w: \u2026\u2026\u2026\u2026\u2026\u2026\u2026\u2026\u2026\u2026\u2026\u2026\u2026<br>Data otrzymania towar\u00f3w: \u2026\u2026\u2026\u2026\u2026\u2026\u2026\u2026\u2026\u2026\u2026<br>Adres Konsumenta: \u2026\u2026\u2026\u2026\u2026\u2026\u2026\u2026\u2026\u2026\u2026\u2026\u2026<br>Podpis Konsumenta: \u2026\u2026\u2026\u2026\u2026\u2026\u2026\u2026\u2026\u2026\u2026\u2026<\/p>\n","protected":false},"excerpt":{"rendered":"<p>REGULAMIN SPIS TRE\u015aCISekcja 1: DefinicjeSekcja 2: Kontakt ze Sprzedawc\u0105Sekcja 3: Wymagania techniczneSekcja 4: Zakupy w SklepieSekcja 5: P\u0142atno\u015bciSekcja 6: Realizacja zam\u00f3wie\u0144Sekcja 7: Prawo odst\u0105pienia od umowySekcja 8: Wyj\u0105tki od prawa odst\u0105pienia od umowySekcja 9: ReklamacjeSekcja 10: Dane osoboweSekcja 11: Zastrze\u017ceniaZa\u0142\u0105cznik nr 1: Wz\u00f3r formularza odst\u0105pienia od umowy Sekcja 1: DEFINICJE Dni robocze&nbsp;\u2013 dni od poniedzia\u0142ku [&hellip;]<\/p>\n","protected":false},"author":1,"featured_media":0,"parent":0,"menu_order":0,"comment_status":"closed","ping_status":"closed","template":"","meta":{"footnotes":""},"class_list":["post-187","page","type-page","status-publish","hentry"],"_links":{"self":[{"href":"https:\/\/www.drewol.pl\/index.php?rest_route=\/wp\/v2\/pages\/187","targetHints":{"allow":["GET"]}}],"collection":[{"href":"https:\/\/www.drewol.pl\/index.php?rest_route=\/wp\/v2\/pages"}],"about":[{"href":"https:\/\/www.drewol.pl\/index.php?rest_route=\/wp\/v2\/types\/page"}],"author":[{"embeddable":true,"href":"https:\/\/www.drewol.pl\/index.php?rest_route=\/wp\/v2\/users\/1"}],"replies":[{"embeddable":true,"href":"https:\/\/www.drewol.pl\/index.php?rest_route=%2Fwp%2Fv2%2Fcomments&post=187"}],"version-history":[{"count":2,"href":"https:\/\/www.drewol.pl\/index.php?rest_route=\/wp\/v2\/pages\/187\/revisions"}],"predecessor-version":[{"id":189,"href":"https:\/\/www.drewol.pl\/index.php?rest_route=\/wp\/v2\/pages\/187\/revisions\/189"}],"wp:attachment":[{"href":"https:\/\/www.drewol.pl\/index.php?rest_route=%2Fwp%2Fv2%2Fmedia&parent=187"}],"curies":[{"name":"wp","href":"https:\/\/api.w.org\/{rel}","templated":true}]}}