{"id":190,"date":"2025-04-04T09:36:40","date_gmt":"2025-04-04T09:36:40","guid":{"rendered":"https:\/\/www.drewol.pl\/?page_id=190"},"modified":"2025-04-04T09:36:40","modified_gmt":"2025-04-04T09:36:40","slug":"polityka-prywatnosci","status":"publish","type":"page","link":"https:\/\/www.drewol.pl\/?page_id=190","title":{"rendered":"POLITYKA PRYWATNO\u015aCI"},"content":{"rendered":"\n<p class=\"has-xx-large-font-size\"><strong>POLITYKA PRYWATNO\u015aCI<\/strong><\/p>\n\n\n\n<h3 class=\"wp-block-heading\">1. Informacje og\u00f3lne<\/h3>\n\n\n\n<p>Niniejsza polityka dotyczy strony internetowej dzia\u0142aj\u0105cej pod adresem: <a href=\"https:\/\/www.drewol.pl\">https:\/\/www.drewol.pl<\/a><br>Operatorem strony i administratorem danych osobowych jest: FABRYKA KREDEK DREWOL Wojciech Woli\u0144ski<br>Adres kontaktowy operatora: drewol@poczta.fm<\/p>\n\n\n\n<p>Operatorem serwisu oraz administratorem danych osobowych u\u017cytkownik\u00f3w w zakresie danych podanych dobrowolnie na stronie internetowej jest Wojciech Woli\u0144ski.<\/p>\n\n\n\n<p>Strona wykorzystuje dane osobowe w nast\u0119puj\u0105cych celach:<\/p>\n\n\n\n<ul class=\"wp-block-list\">\n<li>Obs\u0142uga zapyta\u0144 przesy\u0142anych przez formularz,<\/li>\n\n\n\n<li>Przygotowanie, pakowanie i wysy\u0142ka zam\u00f3wie\u0144,<\/li>\n\n\n\n<li>Prezentacja oferty lub informacji.<\/li>\n<\/ul>\n\n\n\n<p>Strona zbiera informacje o u\u017cytkownikach i ich zachowaniu w nast\u0119puj\u0105cy spos\u00f3b:<\/p>\n\n\n\n<ul class=\"wp-block-list\">\n<li>Poprzez dane dobrowolnie wprowadzone w formularzach, kt\u00f3re trafiaj\u0105 do system\u00f3w Operatora,<\/li>\n\n\n\n<li>Poprzez zapisywanie plik\u00f3w cookies na urz\u0105dzeniach ko\u0144cowych u\u017cytkownika.<\/li>\n<\/ul>\n\n\n\n<hr class=\"wp-block-separator has-alpha-channel-opacity\"\/>\n\n\n\n<h3 class=\"wp-block-heading\">2. Wybrane metody ochrony danych stosowane przez Operatora<\/h3>\n\n\n\n<ul class=\"wp-block-list\">\n<li>Strona logowania oraz miejsca wprowadzania danych osobowych s\u0105 chronione w warstwie transmisji (certyfikat SSL).<\/li>\n\n\n\n<li>Operator regularnie zmienia has\u0142a administracyjne.<\/li>\n\n\n\n<li>Operator wykonuje regularne kopie bezpiecze\u0144stwa w celu ochrony danych.<\/li>\n\n\n\n<li>Kluczowym elementem ochrony danych jest regularna aktualizacja oprogramowania wykorzystywanego do przetwarzania danych osobowych, w tym komponent\u00f3w programistycznych.<\/li>\n<\/ul>\n\n\n\n<hr class=\"wp-block-separator has-alpha-channel-opacity\"\/>\n\n\n\n<h3 class=\"wp-block-heading\">3. Hosting<\/h3>\n\n\n\n<p>Strona jest hostowana (utrzymywana technicznie) na serwerach Operatora:&nbsp;<strong>OpenHost<\/strong><\/p>\n\n\n\n<p>W celu zapewnienia niezawodno\u015bci technicznej firma hostingowa mo\u017ce prowadzi\u0107 logi na poziomie serwera, kt\u00f3re mog\u0105 zawiera\u0107:<\/p>\n\n\n\n<ul class=\"wp-block-list\">\n<li>Zasoby identyfikowane przez adresy URL (adresy \u017c\u0105da\u0144),<\/li>\n\n\n\n<li>Czas nadej\u015bcia zapytania,<\/li>\n\n\n\n<li>Czas wys\u0142ania odpowiedzi,<\/li>\n\n\n\n<li>Nazw\u0119 stacji klienta \u2013 identyfikacja realizowana przez protok\u00f3\u0142 HTTP,<\/li>\n\n\n\n<li>Informacje o b\u0142\u0119dach podczas realizacji transakcji HTTP,<\/li>\n\n\n\n<li>Adres URL strony odwiedzonej wcze\u015bniej (referer link),<\/li>\n\n\n\n<li>Informacje o przegl\u0105darce u\u017cytkownika,<\/li>\n\n\n\n<li>Informacje o adresie IP,<\/li>\n\n\n\n<li>Dane diagnostyczne zwi\u0105zane z procesem zamawiania us\u0142ug przez rejestrator na stronie,<\/li>\n\n\n\n<li>Informacje zwi\u0105zane z obs\u0142ug\u0105 korespondencji e-mail kierowanej do Operatora i wysy\u0142anej przez niego.<\/li>\n<\/ul>\n\n\n\n<hr class=\"wp-block-separator has-alpha-channel-opacity\"\/>\n\n\n\n<h3 class=\"wp-block-heading\">4. Twoje prawa i dodatkowe informacje o sposobie wykorzystania danych<\/h3>\n\n\n\n<p>W niekt\u00f3rych sytuacjach Administrator ma prawo przekazywa\u0107 Twoje dane osobowe innym odbiorcom, je\u015bli jest to konieczne do realizacji umowy zawartej z Tob\u0105 lub do wype\u0142nienia ci\u0105\u017c\u0105cych na nim obowi\u0105zk\u00f3w. Dotyczy to nast\u0119puj\u0105cych grup odbiorc\u00f3w:<\/p>\n\n\n\n<ul class=\"wp-block-list\">\n<li>Firma hostingowa (na podstawie umowy powierzenia),<\/li>\n\n\n\n<li>Kurierzy,<\/li>\n\n\n\n<li>Operatorzy pocztowi,<\/li>\n\n\n\n<li>Banki,<\/li>\n\n\n\n<li>Operatorzy p\u0142atno\u015bci,<\/li>\n\n\n\n<li>Firmy \u015bwiadcz\u0105ce us\u0142ugi marketingowe na rzecz Administratora.<\/li>\n<\/ul>\n\n\n\n<p>Dane osobowe b\u0119d\u0105 przechowywane nie d\u0142u\u017cej, ni\u017c jest to konieczne do wykonania czynno\u015bci wynikaj\u0105cych z odr\u0119bnych przepis\u00f3w (np. rachunkowych). Dane marketingowe nie b\u0119d\u0105 przetwarzane d\u0142u\u017cej ni\u017c 3 lata.<\/p>\n\n\n\n<p>Masz prawo \u017c\u0105da\u0107 od Administratora:<\/p>\n\n\n\n<ul class=\"wp-block-list\">\n<li>Dost\u0119pu do swoich danych osobowych,<\/li>\n\n\n\n<li>Ich sprostowania,<\/li>\n\n\n\n<li>Usuni\u0119cia,<\/li>\n\n\n\n<li>Ograniczenia przetwarzania,<\/li>\n\n\n\n<li>Przeniesienia danych.<\/li>\n<\/ul>\n\n\n\n<p>Przys\u0142uguje Ci tak\u017ce prawo sprzeciwu wobec przetwarzania danych dla cel\u00f3w wynikaj\u0105cych z prawnie uzasadnionego interesu Administratora, w tym profilowania. Sprzeciwu nie mo\u017cna jednak uwzgl\u0119dni\u0107, je\u015bli istniej\u0105 wa\u017cne, prawnie uzasadnione podstawy przetwarzania, nadrz\u0119dne wobec Twoich interes\u00f3w, praw i wolno\u015bci, np. ustalenie, dochodzenie lub obrona roszcze\u0144.<\/p>\n\n\n\n<p>Przys\u0142uguje Ci r\u00f3wnie\u017c prawo wniesienia skargi do Prezesa Urz\u0119du Ochrony Danych Osobowych (ul. Stawki 2, 00-193 Warszawa).<\/p>\n\n\n\n<p>Podanie danych osobowych jest dobrowolne, ale niezb\u0119dne do korzystania ze strony.<\/p>\n\n\n\n<p>W odniesieniu do Ciebie mog\u0105 by\u0107 podejmowane zautomatyzowane decyzje, w tym profilowanie, w celu \u015bwiadczenia us\u0142ug na podstawie zawartej umowy oraz prowadzenia przez Administratora marketingu bezpo\u015bredniego.<\/p>\n\n\n\n<p>Dane osobowe mog\u0105 by\u0107 przekazywane do pa\u0144stw trzecich w rozumieniu przepis\u00f3w o ochronie danych osobowych \u2013 oznacza to, \u017ce mog\u0105 by\u0107 przesy\u0142ane poza obszar Unii Europejskiej.<\/p>\n\n\n\n<hr class=\"wp-block-separator has-alpha-channel-opacity\"\/>\n\n\n\n<h3 class=\"wp-block-heading\">5. Informacje w formularzach<\/h3>\n\n\n\n<ul class=\"wp-block-list\">\n<li>Strona zbiera informacje podane dobrowolnie przez u\u017cytkownika, w tym dane osobowe, je\u015bli s\u0105 one podane.<\/li>\n\n\n\n<li>Strona mo\u017ce zapisywa\u0107 informacje o parametrach po\u0142\u0105czenia (czas, adres IP).<\/li>\n\n\n\n<li>W niekt\u00f3rych przypadkach strona mo\u017ce zapisywa\u0107 informacje u\u0142atwiaj\u0105ce powi\u0105zanie danych z adresem e-mail u\u017cytkownika wype\u0142niaj\u0105cego formularz.<\/li>\n\n\n\n<li>Dane podane w formularzu s\u0105 przetwarzane w celu wynikaj\u0105cym z funkcji konkretnego formularza (np. zapytanie ofertowe, rejestracja us\u0142ugi). Zawsze kontekst i opis formularza informuj\u0105 wprost o jego celu.<\/li>\n<\/ul>\n\n\n\n<hr class=\"wp-block-separator has-alpha-channel-opacity\"\/>\n\n\n\n<h3 class=\"wp-block-heading\">6. Logi administratora<\/h3>\n\n\n\n<p>Informacje o zachowaniu u\u017cytkownik\u00f3w na stronie mog\u0105 podlega\u0107 logowaniu. Dane te s\u0105 wykorzystywane do administrowania serwisem.<\/p>\n\n\n\n<hr class=\"wp-block-separator has-alpha-channel-opacity\"\/>\n\n\n\n<h3 class=\"wp-block-heading\">7. Najwa\u017cniejsze techniki marketingowe<\/h3>\n\n\n\n<ul class=\"wp-block-list\">\n<li>Operator korzysta z analizy statystycznej ruchu na stronie za pomoc\u0105 Google Analytics (Google Inc. z siedzib\u0105 w USA). Operator nie przekazuje danych osobowych temu podmiotowi, a jedynie dane zanonimizowane.<\/li>\n\n\n\n<li>Operator stosuje techniki remarketingowe, kt\u00f3re pozwalaj\u0105 dopasowa\u0107 komunikaty reklamowe do zachowania u\u017cytkownika na stronie. W praktyce nie s\u0105 przekazywane dane osobowe do operator\u00f3w reklam. Warunkiem technicznym tych dzia\u0142a\u0144 jest w\u0142\u0105czona obs\u0142uga plik\u00f3w cookies.<\/li>\n\n\n\n<li>Operator u\u017cywa technologii\u00a0Facebook Pixel\u00a0(Facebook Inc. z siedzib\u0105 w USA), kt\u00f3ra informuje Facebook, \u017ce dana osoba korzysta ze strony. Dane nie s\u0105 przekazywane dodatkowo Facebookowi \u2013 przetwarzane s\u0105 w oparciu o dane, kt\u00f3rych administratorem jest Operator.<\/li>\n\n\n\n<li>Operator korzysta z narz\u0119dzi analizuj\u0105cych zachowanie u\u017cytkownika na stronie poprzez tworzenie tzw. heatmap oraz nagrywanie sesji. Dane s\u0105 anonimizowane i nie zawieraj\u0105 danych osobowych (np. hase\u0142).<\/li>\n\n\n\n<li>Operator wykorzystuje automatyczne rozwi\u0105zania do kontaktu z u\u017cytkownikiem, np. wysy\u0142k\u0119 maila po odwiedzeniu konkretnej podstrony \u2013 wy\u0142\u0105cznie za zgod\u0105 u\u017cytkownika na komunikacj\u0119 handlow\u0105.<\/li>\n<\/ul>\n\n\n\n<hr class=\"wp-block-separator has-alpha-channel-opacity\"\/>\n\n\n\n<h3 class=\"wp-block-heading\">8. Informacje o plikach cookies<\/h3>\n\n\n\n<ul class=\"wp-block-list\">\n<li>Strona korzysta z plik\u00f3w cookies.<\/li>\n\n\n\n<li>Cookies to pliki danych (najcz\u0119\u015bciej tekstowe), zapisywane w urz\u0105dzeniu u\u017cytkownika, wykorzystywane przez stron\u0119 internetow\u0105. Zawieraj\u0105 nazw\u0119 strony, czas przechowywania oraz unikalny identyfikator.<\/li>\n\n\n\n<li>Podmiotem zamieszczaj\u0105cym cookies i maj\u0105cym do nich dost\u0119p jest Operator strony.<\/li>\n\n\n\n<li>Cookies s\u0105 wykorzystywane w nast\u0119puj\u0105cych celach:\n<ul class=\"wp-block-list\">\n<li>Utrzymanie sesji u\u017cytkownika po zalogowaniu, aby nie musia\u0142 ponownie wpisywa\u0107 danych logowania na ka\u017cdej podstronie,<\/li>\n\n\n\n<li>Wype\u0142nianie cel\u00f3w marketingowych opisanych w sekcji 7.<\/li>\n<\/ul>\n<\/li>\n<\/ul>\n\n\n\n<p>Strona wykorzystuje dwa g\u0142\u00f3wne rodzaje plik\u00f3w cookies: \u201esesyjne\u201d (tymczasowe) i \u201etrwa\u0142e\u201d. Cookies sesyjne przechowywane s\u0105 do czasu wylogowania, opuszczenia strony lub zamkni\u0119cia przegl\u0105darki. Cookies trwa\u0142e \u2013 przez czas okre\u015blony w parametrach pliku lub do ich r\u0119cznego usuni\u0119cia.<\/p>\n\n\n\n<p>Przegl\u0105darki internetowe domy\u015blnie dopuszczaj\u0105 przechowywanie cookies. U\u017cytkownik mo\u017ce zmieni\u0107 te ustawienia. Mo\u017cliwe jest tak\u017ce r\u0119czne usuni\u0119cie plik\u00f3w cookies lub ich automatyczna blokada.<\/p>\n\n\n\n<p>Ograniczenie stosowania cookies mo\u017ce wp\u0142yn\u0105\u0107 na funkcjonalno\u015b\u0107 strony internetowej.<\/p>\n\n\n\n<p>Cookies mog\u0105 by\u0107 tak\u017ce wykorzystywane przez wsp\u00f3\u0142pracuj\u0105ce z operatorem podmioty, takie jak: Google (USA), Facebook (USA), Twitter (USA).<\/p>\n\n\n\n<hr class=\"wp-block-separator has-alpha-channel-opacity\"\/>\n\n\n\n<h3 class=\"wp-block-heading\">9. Zarz\u0105dzanie plikami cookies \u2013 jak wyra\u017ca\u0107 i cofa\u0107 zgod\u0119 w praktyce<\/h3>\n\n\n\n<p>Je\u015bli u\u017cytkownik nie chce otrzymywa\u0107 plik\u00f3w cookies, mo\u017ce zmieni\u0107 ustawienia przegl\u0105darki. Wy\u0142\u0105czenie obs\u0142ugi plik\u00f3w cookies niezb\u0119dnych do uwierzytelniania, bezpiecze\u0144stwa i utrzymania preferencji u\u017cytkownika mo\u017ce utrudni\u0107, a w skrajnych przypadkach uniemo\u017cliwi\u0107 korzystanie ze strony internetowej.<\/p>\n\n\n\n<p>Instrukcje dla poszczeg\u00f3lnych przegl\u0105darek:<\/p>\n\n\n\n<ul class=\"wp-block-list\">\n<li><strong>Edge<\/strong><\/li>\n\n\n\n<li><strong>Internet Explorer<\/strong><\/li>\n\n\n\n<li><strong>Chrome<\/strong><\/li>\n\n\n\n<li><strong>Safari<\/strong><\/li>\n\n\n\n<li><strong>Firefox<\/strong><\/li>\n\n\n\n<li><strong>Opera<\/strong><\/li>\n<\/ul>\n\n\n\n<p>Urz\u0105dzenia mobilne:<\/p>\n\n\n\n<ul class=\"wp-block-list\">\n<li><strong>Android<\/strong><\/li>\n\n\n\n<li><strong>Safari (iOS)<\/strong><\/li>\n\n\n\n<li><strong>Windows Phone<\/strong><\/li>\n<\/ul>\n","protected":false},"excerpt":{"rendered":"<p>POLITYKA PRYWATNO\u015aCI 1. Informacje og\u00f3lne Niniejsza polityka dotyczy strony internetowej dzia\u0142aj\u0105cej pod adresem: https:\/\/www.drewol.plOperatorem strony i administratorem danych osobowych jest: FABRYKA KREDEK DREWOL Wojciech Woli\u0144skiAdres kontaktowy operatora: drewol@poczta.fm Operatorem serwisu oraz administratorem danych osobowych u\u017cytkownik\u00f3w w zakresie danych podanych dobrowolnie na stronie internetowej jest Wojciech Woli\u0144ski. Strona wykorzystuje dane osobowe w nast\u0119puj\u0105cych celach: Strona zbiera [&hellip;]<\/p>\n","protected":false},"author":1,"featured_media":0,"parent":0,"menu_order":0,"comment_status":"closed","ping_status":"closed","template":"","meta":{"footnotes":""},"class_list":["post-190","page","type-page","status-publish","hentry"],"_links":{"self":[{"href":"https:\/\/www.drewol.pl\/index.php?rest_route=\/wp\/v2\/pages\/190","targetHints":{"allow":["GET"]}}],"collection":[{"href":"https:\/\/www.drewol.pl\/index.php?rest_route=\/wp\/v2\/pages"}],"about":[{"href":"https:\/\/www.drewol.pl\/index.php?rest_route=\/wp\/v2\/types\/page"}],"author":[{"embeddable":true,"href":"https:\/\/www.drewol.pl\/index.php?rest_route=\/wp\/v2\/users\/1"}],"replies":[{"embeddable":true,"href":"https:\/\/www.drewol.pl\/index.php?rest_route=%2Fwp%2Fv2%2Fcomments&post=190"}],"version-history":[{"count":1,"href":"https:\/\/www.drewol.pl\/index.php?rest_route=\/wp\/v2\/pages\/190\/revisions"}],"predecessor-version":[{"id":191,"href":"https:\/\/www.drewol.pl\/index.php?rest_route=\/wp\/v2\/pages\/190\/revisions\/191"}],"wp:attachment":[{"href":"https:\/\/www.drewol.pl\/index.php?rest_route=%2Fwp%2Fv2%2Fmedia&parent=190"}],"curies":[{"name":"wp","href":"https:\/\/api.w.org\/{rel}","templated":true}]}}