{"id":195,"date":"2025-04-04T10:58:35","date_gmt":"2025-04-04T10:58:35","guid":{"rendered":"https:\/\/www.drewol.pl\/?page_id=195"},"modified":"2025-05-07T05:29:23","modified_gmt":"2025-05-07T05:29:23","slug":"b2b","status":"publish","type":"page","link":"https:\/\/www.drewol.pl\/?page_id=195","title":{"rendered":"B2B"},"content":{"rendered":"\n<div class=\"wp-block-columns is-layout-flex wp-container-core-columns-is-layout-e1fea541 wp-block-columns-is-layout-flex\" style=\"margin-top:var(--wp--preset--spacing--50)\">\n<div class=\"wp-block-column has-global-padding is-layout-constrained wp-block-column-is-layout-constrained\">\n<p class=\"has-x-large-font-size\"><strong>Dla firm <\/strong><\/p>\n\n\n\n<p class=\"has-medium-font-size\">Jeste\u015bmy polskim producentem wysokiej jako\u015bci kredek przemys\u0142owych, wykorzystywanych m.in. w tartakach, stolarniach, firmach budowlanych i produkuj\u0105cych ceramik\u0119. Od lat dostarczamy niezawodne rozwi\u0105zania do oznaczania drewna, betonu i innych materia\u0142\u00f3w.<\/p>\n\n\n\n<hr class=\"wp-block-separator has-alpha-channel-opacity\"\/>\n\n\n\n<h3 class=\"wp-block-heading has-medium-font-size\"><strong>Dlaczego warto z nami wsp\u00f3\u0142pracowa\u0107?<\/strong><\/h3>\n\n\n\n<p class=\"has-medium-font-size\">\u2705&nbsp;<strong>Produkcja w Polsce<\/strong><br>Szybka dost\u0119pno\u015b\u0107, sta\u0142a jako\u015b\u0107 i elastyczno\u015b\u0107 w realizacji zam\u00f3wie\u0144.<\/p>\n\n\n\n<p class=\"has-medium-font-size\">\u2705&nbsp;<strong>Dostosowanie do potrzeb przemys\u0142u<\/strong><br>Nasze kredki zosta\u0142y stworzone z my\u015bl\u0105 o wymagaj\u0105cych warunkach pracy \u2014 s\u0105 trwa\u0142e, widoczne i odporne na \u015bcieranie.<\/p>\n\n\n\n<p class=\"has-medium-font-size\">\u2705&nbsp;<strong>Zam\u00f3wienia hurtowe i indywidualne<\/strong><br>Obs\u0142ugujemy zar\u00f3wno ma\u0142e zak\u0142ady, jak i du\u017ce przedsi\u0119biorstwa. Wsp\u00f3\u0142pracujemy na jasnych zasadach.<\/p>\n\n\n\n<p class=\"has-medium-font-size\">\u2705&nbsp;<strong>Dostarczamy na terenie ca\u0142ej Polski i za granic\u0119<\/strong><br>Szybka realizacja, sprawdzona logistyka.<\/p>\n\n\n\n<hr class=\"wp-block-separator has-alpha-channel-opacity\"\/>\n\n\n\n<h3 class=\"wp-block-heading has-medium-font-size\"><strong>Nasze produkty<\/strong><\/h3>\n\n\n\n<p class=\"has-medium-font-size\">Oferujemy kredki do zastosowa\u0144 przemys\u0142owych:<\/p>\n\n\n\n<ul class=\"wp-block-list\">\n<li class=\"has-medium-font-size\"><strong>Kredki fluorescencyjne<\/strong>&nbsp;\u2013 idealne do oznaczania w trudnych warunkach o\u015bwietleniowych.<\/li>\n\n\n\n<li class=\"has-medium-font-size\"><strong>Kredki grafitowe i woskowe<\/strong>&nbsp;\u2013 niezawodne na wilgotnym drewnie.<\/li>\n\n\n\n<li class=\"has-medium-font-size\"><strong>Kredki murarskie i budowlane<\/strong>&nbsp;\u2013 do betonu, ceg\u0142y i innych powierzchni.<\/li>\n<\/ul>\n<\/div>\n\n\n\n<div class=\"wp-block-column has-global-padding is-layout-constrained wp-block-column-is-layout-constrained\">\n<p class=\"has-medium-font-size\">Szukasz produktu dopasowanego do Twoich potrzeb? <\/p>\n\n\n\n<p><strong>Skontaktuj si\u0119 z nami \u2014 przygotujemy indywidualn\u0105 ofert\u0119 hurtow\u0105.<\/strong><\/p>\n\n\n<div class=\"wpforms-container wpforms-container-full wpforms-block wpforms-block-25a9161f-8af7-4684-aa2c-45c7c3a4bc63 wpforms-render-modern\" id=\"wpforms-205\"><form id=\"wpforms-form-205\" class=\"wpforms-validate wpforms-form wpforms-ajax-form\" data-formid=\"205\" method=\"post\" enctype=\"multipart\/form-data\" action=\"\/index.php?rest_route=%2Fwp%2Fv2%2Fpages%2F195\" data-token=\"b46e2df89036f9d30280ef0cccb9e869\" data-token-time=\"1776479305\"><noscript class=\"wpforms-error-noscript\">Aby wype\u0142ni\u0107 ten formularz, w\u0142\u0105cz obs\u0142ug\u0119 JavaScript w przegl\u0105darce.<\/noscript><div id=\"wpforms-error-noscript\" style=\"display: none;\">Aby wype\u0142ni\u0107 ten formularz, w\u0142\u0105cz obs\u0142ug\u0119 JavaScript w przegl\u0105darce.<\/div><div class=\"wpforms-field-container\"><div id=\"wpforms-205-field_1-container\" class=\"wpforms-field wpforms-field-name\" data-field-id=\"1\"><label class=\"wpforms-field-label\" for=\"wpforms-205-field_1\">Imi\u0119 i nazwisko \/ firma <span class=\"wpforms-required-label\" aria-hidden=\"true\">*<\/span><\/label><input type=\"text\" id=\"wpforms-205-field_1\" class=\"wpforms-field-medium wpforms-field-required\" name=\"wpforms[fields][1]\" aria-errormessage=\"wpforms-205-field_1-error\" required><\/div><div id=\"wpforms-205-field_2-container\" class=\"wpforms-field wpforms-field-email\" data-field-id=\"2\"><label class=\"wpforms-field-label\" for=\"wpforms-205-field_2\">Adres e-mail <span class=\"wpforms-required-label\" aria-hidden=\"true\">*<\/span><\/label><input type=\"email\" id=\"wpforms-205-field_2\" class=\"wpforms-field-medium wpforms-field-required\" name=\"wpforms[fields][2]\" spellcheck=\"false\" aria-errormessage=\"wpforms-205-field_2-error\" required><\/div>\t\t<div id=\"wpforms-205-field_4-container\"\n\t\t\tclass=\"wpforms-field wpforms-field-text\"\n\t\t\tdata-field-type=\"text\"\n\t\t\tdata-field-id=\"4\"\n\t\t\t>\n\t\t\t<label class=\"wpforms-field-label\" for=\"wpforms-205-field_4\" >Imi\u0119 wiadomo\u015b\u0107 lub<\/label>\n\t\t\t<input type=\"text\" id=\"wpforms-205-field_4\" class=\"wpforms-field-medium\" name=\"wpforms[fields][4]\" >\n\t\t<\/div>\n\t\t<div id=\"wpforms-205-field_3-container\" class=\"wpforms-field wpforms-field-textarea\" data-field-id=\"3\"><label class=\"wpforms-field-label\" for=\"wpforms-205-field_3\">Komentarz lub wiadomo\u015b\u0107<\/label><textarea id=\"wpforms-205-field_3\" class=\"wpforms-field-medium\" name=\"wpforms[fields][3]\" aria-errormessage=\"wpforms-205-field_3-error\" ><\/textarea><\/div><script>\n\t\t\t\t( function() {\n\t\t\t\t\tconst style = document.createElement( 'style' );\n\t\t\t\t\tstyle.appendChild( document.createTextNode( '#wpforms-205-field_4-container { position: absolute !important; overflow: hidden !important; display: inline !important; height: 1px !important; width: 1px !important; z-index: -1000 !important; padding: 0 !important; } #wpforms-205-field_4-container input { visibility: hidden; } #wpforms-conversational-form-page #wpforms-205-field_4-container label { counter-increment: none; }' ) );\n\t\t\t\t\tdocument.head.appendChild( style );\n\t\t\t\t\tdocument.currentScript?.remove();\n\t\t\t\t} )();\n\t\t\t<\/script><\/div><!-- .wpforms-field-container --><div class=\"wpforms-submit-container\" ><input type=\"hidden\" name=\"wpforms[id]\" value=\"205\"><input type=\"hidden\" name=\"page_title\" value=\"\"><input type=\"hidden\" name=\"page_url\" value=\"https:\/\/www.drewol.pl\/index.php?rest_route=\/wp\/v2\/pages\/195\"><input type=\"hidden\" name=\"url_referer\" value=\"\"><button type=\"submit\" name=\"wpforms[submit]\" id=\"wpforms-submit-205\" class=\"wpforms-submit\" data-alt-text=\"Wysy\u0142anie...\" data-submit-text=\"Prze\u015blij\" aria-live=\"assertive\" value=\"wpforms-submit\">Prze\u015blij<\/button><img loading=\"lazy\" decoding=\"async\" src=\"https:\/\/www.drewol.pl\/wp-content\/plugins\/wpforms-lite\/assets\/images\/submit-spin.svg\" class=\"wpforms-submit-spinner\" style=\"display: none;\" width=\"26\" height=\"26\" alt=\"Wczytywanie\"><\/div><\/form><\/div>  <!-- .wpforms-container --><\/div>\n<\/div>\n","protected":false},"excerpt":{"rendered":"<p>Dla firm Jeste\u015bmy polskim producentem wysokiej jako\u015bci kredek przemys\u0142owych, wykorzystywanych m.in. w tartakach, stolarniach, firmach budowlanych i produkuj\u0105cych ceramik\u0119. Od lat dostarczamy niezawodne rozwi\u0105zania do oznaczania drewna, betonu i innych materia\u0142\u00f3w. Dlaczego warto z nami wsp\u00f3\u0142pracowa\u0107? \u2705&nbsp;Produkcja w PolsceSzybka dost\u0119pno\u015b\u0107, sta\u0142a jako\u015b\u0107 i elastyczno\u015b\u0107 w realizacji zam\u00f3wie\u0144. \u2705&nbsp;Dostosowanie do potrzeb przemys\u0142uNasze kredki zosta\u0142y stworzone z [&hellip;]<\/p>\n","protected":false},"author":1,"featured_media":0,"parent":0,"menu_order":0,"comment_status":"closed","ping_status":"closed","template":"","meta":{"footnotes":""},"class_list":["post-195","page","type-page","status-publish","hentry"],"_links":{"self":[{"href":"https:\/\/www.drewol.pl\/index.php?rest_route=\/wp\/v2\/pages\/195","targetHints":{"allow":["GET"]}}],"collection":[{"href":"https:\/\/www.drewol.pl\/index.php?rest_route=\/wp\/v2\/pages"}],"about":[{"href":"https:\/\/www.drewol.pl\/index.php?rest_route=\/wp\/v2\/types\/page"}],"author":[{"embeddable":true,"href":"https:\/\/www.drewol.pl\/index.php?rest_route=\/wp\/v2\/users\/1"}],"replies":[{"embeddable":true,"href":"https:\/\/www.drewol.pl\/index.php?rest_route=%2Fwp%2Fv2%2Fcomments&post=195"}],"version-history":[{"count":10,"href":"https:\/\/www.drewol.pl\/index.php?rest_route=\/wp\/v2\/pages\/195\/revisions"}],"predecessor-version":[{"id":381,"href":"https:\/\/www.drewol.pl\/index.php?rest_route=\/wp\/v2\/pages\/195\/revisions\/381"}],"wp:attachment":[{"href":"https:\/\/www.drewol.pl\/index.php?rest_route=%2Fwp%2Fv2%2Fmedia&parent=195"}],"curies":[{"name":"wp","href":"https:\/\/api.w.org\/{rel}","templated":true}]}}