{"id":68,"date":"2025-02-16T11:55:51","date_gmt":"2025-02-16T11:55:51","guid":{"rendered":"https:\/\/www.drewol.pl\/?page_id=68"},"modified":"2025-07-21T15:15:36","modified_gmt":"2025-07-21T15:15:36","slug":"strona-glowna","status":"publish","type":"page","link":"https:\/\/www.drewol.pl\/","title":{"rendered":"Strona g\u0142\u00f3wna"},"content":{"rendered":"\n<div class=\"wp-block-cover alignfull has-base-color has-text-color has-link-color wp-elements-5cc344b39fca91dfccbfd6b4fcc2c096\" style=\"margin-top:0;margin-bottom:0;padding-top:35px;padding-right:var(--wp--preset--spacing--20);padding-bottom:35px;padding-left:var(--wp--preset--spacing--20);min-height:396px;aspect-ratio:unset;\"><span aria-hidden=\"true\" class=\"wp-block-cover__background has-contrast-background-color has-background-dim\"><\/span><img loading=\"lazy\" decoding=\"async\" width=\"960\" height=\"668\" class=\"wp-block-cover__image-background wp-image-71\" alt=\"Background of cut wood logs stacked in a pile. wood for the production of chipboard\" src=\"https:\/\/www.drewol.pl\/wp-content\/uploads\/2025\/02\/background-of-cut-wood-logs-stacked-in-a-pile-wood-for-the-production-of-chipboard-stockpack-adobe-stock-e1739708278332.jpg\" data-object-fit=\"cover\" srcset=\"https:\/\/www.drewol.pl\/wp-content\/uploads\/2025\/02\/background-of-cut-wood-logs-stacked-in-a-pile-wood-for-the-production-of-chipboard-stockpack-adobe-stock-e1739708278332.jpg 960w, https:\/\/www.drewol.pl\/wp-content\/uploads\/2025\/02\/background-of-cut-wood-logs-stacked-in-a-pile-wood-for-the-production-of-chipboard-stockpack-adobe-stock-e1739708278332-300x209.jpg 300w, https:\/\/www.drewol.pl\/wp-content\/uploads\/2025\/02\/background-of-cut-wood-logs-stacked-in-a-pile-wood-for-the-production-of-chipboard-stockpack-adobe-stock-e1739708278332-768x534.jpg 768w\" sizes=\"auto, (max-width: 960px) 100vw, 960px\" \/><div class=\"wp-block-cover__inner-container is-layout-flow wp-container-core-cover-is-layout-be0472b5 wp-block-cover-is-layout-flow\">\n<div class=\"wp-block-group is-vertical is-content-justification-center is-layout-flex wp-container-core-group-is-layout-ce155fab wp-block-group-is-layout-flex\">\n<h2 class=\"wp-block-heading has-text-align-center is-style-text-annotation is-style-text-annotation--1\">KREDKI DO DREWNA<\/h2>\n<\/div>\n\n\n\n<h3 class=\"wp-block-heading has-text-align-center has-x-large-font-size\">Trwa\u0142e, precyzyjne i doskonale widoczne <mark style=\"background-color:rgba(0, 0, 0, 0);color:#ff7a00\" class=\"has-inline-color\">\u2714\ufe0e<\/mark><\/h3>\n\n\n\n<p class=\"has-text-align-center has-medium-font-size\">Nasze kredki zapewniaj\u0105 wyra\u017ane oznaczenia na mokrym i suchym drewnie. Odporne na p\u0119kanie i kruszenie.<\/p>\n\n\n\n<p class=\"has-text-align-center has-medium-font-size\"><strong><mark style=\"background-color:rgba(0, 0, 0, 0);color:#ff7a00\" class=\"has-inline-color\">Idealne do maszyn optymalizuj\u0105cych<\/mark><\/strong><\/p>\n\n\n\n<p class=\"has-text-align-center has-medium-font-size\">Wybierz niezawodno\u015b\u0107, kt\u00f3r\u0105 doceniaj\u0105 profesjonali\u015bci!<\/p>\n\n\n\n<div class=\"wp-block-buttons is-content-justification-center is-layout-flex wp-container-core-buttons-is-layout-a89b3969 wp-block-buttons-is-layout-flex\">\n<div class=\"wp-block-button has-custom-font-size is-style-fill has-small-font-size\"><a class=\"wp-block-button__link has-base-color has-text-color has-background has-link-color has-border-color has-accent-1-border-color wp-element-button\" href=\"https:\/\/www.drewol.pl\/?post_type=product\" style=\"background-color:#55d34c\"><strong>ZOBACZ KOLEKCJ\u0118<\/strong><\/a><\/div>\n<\/div>\n<\/div><\/div>\n\n\n\n<div class=\"wp-block-group alignfull has-global-padding is-content-justification-center is-layout-constrained wp-container-core-group-is-layout-df757ecc wp-block-group-is-layout-constrained\" style=\"margin-top:0;margin-bottom:0;padding-top:calc( 0.5 * var(--wp--style--root--padding-right, var(--wp--custom--gap--horizontal)));padding-right:var(--wp--style--root--padding-right, var(--wp--custom--gap--horizontal));padding-bottom:calc( 0.5 * var(--wp--style--root--padding-right, var(--wp--custom--gap--horizontal)));padding-left:var(--wp--style--root--padding-left, var(--wp--custom--gap--horizontal))\">\n<div style=\"height:calc( 0.25 * var(--wp--style--root--padding-right, var(--wp--custom--gap--horizontal)))\" aria-hidden=\"true\" class=\"wp-block-spacer\"><\/div>\n\n\n\n<h3 class=\"wp-block-heading has-text-align-center\">\n\t\tKupuj nowo\u015bci\t<\/h3>\n\n\n\n<div style=\"height:var(--wp--preset--spacing--20)\" aria-hidden=\"true\" class=\"wp-block-spacer\"><\/div>\n\n\n\n<div class=\"wp-block-group alignwide has-global-padding is-layout-constrained wp-block-group-is-layout-constrained\">\n<div data-wp-context=\"{&quot;notices&quot;:[],&quot;hideNextPreviousButtons&quot;:false,&quot;isDisabledPrevious&quot;:true,&quot;isDisabledNext&quot;:false,&quot;ariaLabelPrevious&quot;:&quot;Poprzednie produkty&quot;,&quot;ariaLabelNext&quot;:&quot;Nast\\u0119pne produkty&quot;}\" data-wp-init=\"callbacks.onRender\" data-wp-interactive=\"woocommerce\/product-collection\" data-wp-router-region=\"wc-product-collection-0\" data-__private-preview-state=\"{&quot;isPreview&quot;:false,&quot;previewMessage&quot;:&quot;Rzeczywiste produkty b\\u0119d\\u0105 si\\u0119 r\\u00f3\\u017cni\\u0107 w zale\\u017cno\\u015bci od przegl\\u0105danej strony.&quot;}\" data-block-name=\"woocommerce\/product-collection\" data-dimensions=\"{&quot;widthType&quot;:&quot;fill&quot;,&quot;fixedWidth&quot;:&quot;&quot;}\" data-display-layout=\"{&quot;type&quot;:&quot;flex&quot;,&quot;columns&quot;:5}\" data-query-context-includes=\"[&quot;collection&quot;]\" data-query-id=\"0\" data-query=\"{&quot;perPage&quot;:5,&quot;pages&quot;:0,&quot;offset&quot;:0,&quot;postType&quot;:&quot;product&quot;,&quot;order&quot;:&quot;asc&quot;,&quot;orderBy&quot;:&quot;title&quot;,&quot;search&quot;:&quot;&quot;,&quot;exclude&quot;:[],&quot;inherit&quot;:false,&quot;taxQuery&quot;:[],&quot;isProductCollectionBlock&quot;:true,&quot;woocommerceOnSale&quot;:false,&quot;woocommerceStockStatus&quot;:[&quot;instock&quot;,&quot;outofstock&quot;,&quot;onbackorder&quot;],&quot;woocommerceAttributes&quot;:[],&quot;woocommerceHandPickedProducts&quot;:[]}\" data-tag-name=\"div\" class=\"wp-block-woocommerce-product-collection alignwide is-layout-flow wp-block-product-collection-is-layout-flow\">\t\t<div data-wp-interactive=\"woocommerce\/store-notices\" class=\"wc-block-components-notices alignwide\">\n\t\t\t<template data-wp-each--notice=\"state.notices\" data-wp-each-key=\"context.notice.id\">\n\t\t\t\t<div\n\t\t\t\t\tclass=\"wc-block-components-notice-banner\"\n\t\t\t\t\tdata-wp-init=\"callbacks.scrollIntoView\"\n\t\t\t\t\tdata-wp-class--is-error=\"state.isError\"\n\t\t\t\t\tdata-wp-class--is-success=\"state.isSuccess\"\n\t\t\t\t\tdata-wp-class--is-info=\"state.isInfo\"\n\t\t\t\t\tdata-wp-class--is-dismissible=\"context.notice.dismissible\"\n\t\t\t\t\tdata-wp-bind--role=\"state.role\"\n\t\t\t\t\tdata-wp-watch=\"callbacks.injectIcon\"\n\t\t\t\t>\n\t\t\t\t\t<div class=\"wc-block-components-notice-banner__content\">\n\t\t\t\t\t\t<span data-wp-init=\"callbacks.renderNoticeContent\" aria-live=\"assertive\" aria-atomic=\"true\"><\/span>\n\t\t\t\t\t<\/div>\n\t\t\t\t\t<button\n\t\t\t\t\t\tdata-wp-bind--hidden=\"!context.notice.dismissible\"\n\t\t\t\t\t\tclass=\"wc-block-components-button wp-element-button wc-block-components-notice-banner__dismiss contained\"\n\t\t\t\t\t\taria-label=\"Odrzu\u0107 to powiadomienie\"\n\t\t\t\t\t\tdata-wp-on--click=\"actions.removeNotice\"\n\t\t\t\t\t>\n\t\t\t\t\t\t<svg xmlns=\"http:\/\/www.w3.org\/2000\/svg\" viewBox=\"0 0 24 24\">\n\t\t\t\t\t\t\t<path d=\"M13 11.8l6.1-6.3-1-1-6.1 6.2-6.1-6.2-1 1 6.1 6.3-6.5 6.7 1 1 6.5-6.6 6.5 6.6 1-1z\" \/>\n\t\t\t\t\t\t<\/svg>\n\t\t\t\t\t<\/button>\n\t\t\t\t<\/div>\n\t\t\t<\/template>\n\t\t<\/div>\n\t\t<ul data-block-name=\"woocommerce\/product-template\" class=\"is-flex-container columns-5 wc-block-product-template wp-block-woocommerce-product-template is-layout-flow wp-block-product-template-is-layout-flow\" data-wp-on--scroll=\"actions.watchScroll\" data-wp-init=\"callbacks.initResizeObserver\"><li class=\"wc-block-product post-340 product type-product status-publish has-post-thumbnail product_cat-bez-kategorii first instock shipping-taxable purchasable product-type-simple\"\n\t\t\t\t\t\n\t\t\t\tdata-wp-interactive=\"woocommerce\/product-collection\"\n\t\t\t\tdata-wp-context='{\"productId\":340}'\n\t\t\t\tdata-wp-key=\"product-item-340\"\n\t\t\t\n\t\t\t\t>\n\t\t\t\t\t\n<div data-aspect-ratio=\"1\" data-block-name=\"woocommerce\/product-image\" data-is-descendent-of-query-loop=\"true\" class=\"wc-block-components-product-image wc-block-grid__product-image wc-block-components-product-image--aspect-ratio-1 wp-block-woocommerce-product-image\"><a href=\"https:\/\/www.drewol.pl\/?product=kredka-do-znakowania-premium\" style=\"\" data-wp-on--click=\"woocommerce\/product-collection::actions.viewProduct\"><img decoding=\"async\" width=\"600\" height=\"600\" src=\"https:\/\/www.drewol.pl\/wp-content\/uploads\/2025\/04\/IMG_3414-600x600.jpg\" class=\"attachment-woocommerce_single size-woocommerce_single\" alt=\"Kredka do znakowania \u2013 PREMIUM\" data-testid=\"product-image\" data-image-id=\"404\" style=\"object-fit:cover;aspect-ratio:1;\" loading=\"lazy\" srcset=\"https:\/\/www.drewol.pl\/wp-content\/uploads\/2025\/04\/IMG_3414-600x600.jpg 600w, https:\/\/www.drewol.pl\/wp-content\/uploads\/2025\/04\/IMG_3414-300x300.jpg 300w, https:\/\/www.drewol.pl\/wp-content\/uploads\/2025\/04\/IMG_3414-1024x1024.jpg 1024w, https:\/\/www.drewol.pl\/wp-content\/uploads\/2025\/04\/IMG_3414-150x150.jpg 150w, https:\/\/www.drewol.pl\/wp-content\/uploads\/2025\/04\/IMG_3414-768x768.jpg 768w, https:\/\/www.drewol.pl\/wp-content\/uploads\/2025\/04\/IMG_3414-1536x1536.jpg 1536w, https:\/\/www.drewol.pl\/wp-content\/uploads\/2025\/04\/IMG_3414-2048x2048.jpg 2048w, https:\/\/www.drewol.pl\/wp-content\/uploads\/2025\/04\/IMG_3414-100x100.jpg 100w\" sizes=\"auto, (max-width: 600px) 100vw, 600px\" \/><div class=\"wc-block-components-product-image__inner-container\"><\/div><\/a><\/div>\n\n<h2 style=\"line-height:1.4;\" class=\"has-text-align-left wp-block-post-title has-medium-font-size\"><a data-wp-on--click=\"woocommerce\/product-collection::actions.viewProduct\" href=\"https:\/\/www.drewol.pl\/?product=kredka-do-znakowania-premium\" target=\"_self\" >Kredka do znakowania \u2013 PREMIUM<\/a><\/h2>\n\n<div data-block-name=\"woocommerce\/product-price\" data-font-size=\"small\" data-is-descendent-of-query-loop=\"true\" data-text-align=\"left\" class=\"has-font-size has-small-font-size has-text-align-left wp-block-woocommerce-product-price has-small-font-size\" ><div class=\"wc-block-components-product-price wc-block-grid__product-price\" >\n\t\t\t\t\t<span class=\"woocommerce-Price-amount amount\"><bdi>21,00&nbsp;<span class=\"woocommerce-Price-currencySymbol\">&#122;&#322;<\/span><\/bdi><\/span>\n\t\t\t\t<\/div><\/div>\n\n\t\t\t\t<\/li><li class=\"wc-block-product post-344 product type-product status-publish has-post-thumbnail product_cat-bez-kategorii  instock featured shipping-taxable purchasable product-type-simple\"\n\t\t\t\t\t\n\t\t\t\tdata-wp-interactive=\"woocommerce\/product-collection\"\n\t\t\t\tdata-wp-context='{\"productId\":344}'\n\t\t\t\tdata-wp-key=\"product-item-344\"\n\t\t\t\n\t\t\t\t>\n\t\t\t\t\t\n<div data-aspect-ratio=\"1\" data-block-name=\"woocommerce\/product-image\" data-is-descendent-of-query-loop=\"true\" class=\"wc-block-components-product-image wc-block-grid__product-image wc-block-components-product-image--aspect-ratio-1 wp-block-woocommerce-product-image\"><a href=\"https:\/\/www.drewol.pl\/?product=kredka-fluorescencyjna-medium\" style=\"\" data-wp-on--click=\"woocommerce\/product-collection::actions.viewProduct\"><img decoding=\"async\" width=\"600\" height=\"600\" src=\"https:\/\/www.drewol.pl\/wp-content\/uploads\/2025\/02\/IMG_2344-scaled.jpeg\" class=\"attachment-woocommerce_single size-woocommerce_single\" alt=\"Kredka fluorescencyjna \u2013 medium\" data-testid=\"product-image\" data-image-id=\"37\" style=\"object-fit:cover;aspect-ratio:1;\" loading=\"lazy\" srcset=\"https:\/\/www.drewol.pl\/wp-content\/uploads\/2025\/02\/IMG_2344-scaled.jpeg 2560w, https:\/\/www.drewol.pl\/wp-content\/uploads\/2025\/02\/IMG_2344-300x300.jpeg 300w, https:\/\/www.drewol.pl\/wp-content\/uploads\/2025\/02\/IMG_2344-1024x1024.jpeg 1024w, https:\/\/www.drewol.pl\/wp-content\/uploads\/2025\/02\/IMG_2344-150x150.jpeg 150w, https:\/\/www.drewol.pl\/wp-content\/uploads\/2025\/02\/IMG_2344-768x768.jpeg 768w, https:\/\/www.drewol.pl\/wp-content\/uploads\/2025\/02\/IMG_2344-1536x1536.jpeg 1536w, https:\/\/www.drewol.pl\/wp-content\/uploads\/2025\/02\/IMG_2344-2048x2048.jpeg 2048w\" sizes=\"auto, (max-width: 600px) 100vw, 600px\" \/><div class=\"wc-block-components-product-image__inner-container\"><\/div><\/a><\/div>\n\n<h2 style=\"line-height:1.4;\" class=\"has-text-align-left wp-block-post-title has-medium-font-size\"><a data-wp-on--click=\"woocommerce\/product-collection::actions.viewProduct\" href=\"https:\/\/www.drewol.pl\/?product=kredka-fluorescencyjna-medium\" target=\"_self\" >Kredka fluorescencyjna \u2013 medium<\/a><\/h2>\n\n<div data-block-name=\"woocommerce\/product-price\" data-font-size=\"small\" data-is-descendent-of-query-loop=\"true\" data-text-align=\"left\" class=\"has-font-size has-small-font-size has-text-align-left wp-block-woocommerce-product-price has-small-font-size\" ><div class=\"wc-block-components-product-price wc-block-grid__product-price\" >\n\t\t\t\t\t<span class=\"woocommerce-Price-amount amount\"><bdi>32,00&nbsp;<span class=\"woocommerce-Price-currencySymbol\">&#122;&#322;<\/span><\/bdi><\/span>\n\t\t\t\t<\/div><\/div>\n\n\t\t\t\t<\/li><li class=\"wc-block-product post-343 product type-product status-publish has-post-thumbnail product_cat-bez-kategorii  instock shipping-taxable purchasable product-type-simple\"\n\t\t\t\t\t\n\t\t\t\tdata-wp-interactive=\"woocommerce\/product-collection\"\n\t\t\t\tdata-wp-context='{\"productId\":343}'\n\t\t\t\tdata-wp-key=\"product-item-343\"\n\t\t\t\n\t\t\t\t>\n\t\t\t\t\t\n<div data-aspect-ratio=\"1\" data-block-name=\"woocommerce\/product-image\" data-is-descendent-of-query-loop=\"true\" class=\"wc-block-components-product-image wc-block-grid__product-image wc-block-components-product-image--aspect-ratio-1 wp-block-woocommerce-product-image\"><a href=\"https:\/\/www.drewol.pl\/?product=kredka-fluorescencyjna-neon\" style=\"\" data-wp-on--click=\"woocommerce\/product-collection::actions.viewProduct\"><img decoding=\"async\" width=\"600\" height=\"600\" src=\"https:\/\/www.drewol.pl\/wp-content\/uploads\/2025\/04\/IMG_2343-1-600x600.jpg\" class=\"attachment-woocommerce_single size-woocommerce_single\" alt=\"Kredka fluorescencyjna \u2013 neon\" data-testid=\"product-image\" data-image-id=\"398\" style=\"object-fit:cover;aspect-ratio:1;\" loading=\"lazy\" srcset=\"https:\/\/www.drewol.pl\/wp-content\/uploads\/2025\/04\/IMG_2343-1-600x600.jpg 600w, https:\/\/www.drewol.pl\/wp-content\/uploads\/2025\/04\/IMG_2343-1-300x300.jpg 300w, https:\/\/www.drewol.pl\/wp-content\/uploads\/2025\/04\/IMG_2343-1-1024x1024.jpg 1024w, https:\/\/www.drewol.pl\/wp-content\/uploads\/2025\/04\/IMG_2343-1-150x150.jpg 150w, https:\/\/www.drewol.pl\/wp-content\/uploads\/2025\/04\/IMG_2343-1-768x768.jpg 768w, https:\/\/www.drewol.pl\/wp-content\/uploads\/2025\/04\/IMG_2343-1-1536x1536.jpg 1536w, https:\/\/www.drewol.pl\/wp-content\/uploads\/2025\/04\/IMG_2343-1-2048x2048.jpg 2048w, https:\/\/www.drewol.pl\/wp-content\/uploads\/2025\/04\/IMG_2343-1-100x100.jpg 100w\" sizes=\"auto, (max-width: 600px) 100vw, 600px\" \/><div class=\"wc-block-components-product-image__inner-container\"><\/div><\/a><\/div>\n\n<h2 style=\"line-height:1.4;\" class=\"has-text-align-left wp-block-post-title has-medium-font-size\"><a data-wp-on--click=\"woocommerce\/product-collection::actions.viewProduct\" href=\"https:\/\/www.drewol.pl\/?product=kredka-fluorescencyjna-neon\" target=\"_self\" >Kredka fluorescencyjna \u2013 neon<\/a><\/h2>\n\n<div data-block-name=\"woocommerce\/product-price\" data-font-size=\"small\" data-is-descendent-of-query-loop=\"true\" data-text-align=\"left\" class=\"has-font-size has-small-font-size has-text-align-left wp-block-woocommerce-product-price has-small-font-size\" ><div class=\"wc-block-components-product-price wc-block-grid__product-price\" >\n\t\t\t\t\t<span class=\"woocommerce-Price-amount amount\"><bdi>34,50&nbsp;<span class=\"woocommerce-Price-currencySymbol\">&#122;&#322;<\/span><\/bdi><\/span>\n\t\t\t\t<\/div><\/div>\n\n\t\t\t\t<\/li><li class=\"wc-block-product post-345 product type-product status-publish has-post-thumbnail product_cat-bez-kategorii last instock featured shipping-taxable purchasable product-type-simple\"\n\t\t\t\t\t\n\t\t\t\tdata-wp-interactive=\"woocommerce\/product-collection\"\n\t\t\t\tdata-wp-context='{\"productId\":345}'\n\t\t\t\tdata-wp-key=\"product-item-345\"\n\t\t\t\n\t\t\t\t>\n\t\t\t\t\t\n<div data-aspect-ratio=\"1\" data-block-name=\"woocommerce\/product-image\" data-is-descendent-of-query-loop=\"true\" class=\"wc-block-components-product-image wc-block-grid__product-image wc-block-components-product-image--aspect-ratio-1 wp-block-woocommerce-product-image\"><a href=\"https:\/\/www.drewol.pl\/?product=kredka-fluorescencyjna-neon-12\" style=\"\" data-wp-on--click=\"woocommerce\/product-collection::actions.viewProduct\"><img decoding=\"async\" width=\"600\" height=\"600\" src=\"https:\/\/www.drewol.pl\/wp-content\/uploads\/2025\/02\/IMG_2342-scaled.jpeg\" class=\"attachment-woocommerce_single size-woocommerce_single\" alt=\"Kredka fluorescencyjna \u2013 neon 12\" data-testid=\"product-image\" data-image-id=\"14\" style=\"object-fit:cover;aspect-ratio:1;\" loading=\"lazy\" srcset=\"https:\/\/www.drewol.pl\/wp-content\/uploads\/2025\/02\/IMG_2342-scaled.jpeg 2560w, https:\/\/www.drewol.pl\/wp-content\/uploads\/2025\/02\/IMG_2342-300x300.jpeg 300w, https:\/\/www.drewol.pl\/wp-content\/uploads\/2025\/02\/IMG_2342-1024x1024.jpeg 1024w, https:\/\/www.drewol.pl\/wp-content\/uploads\/2025\/02\/IMG_2342-150x150.jpeg 150w, https:\/\/www.drewol.pl\/wp-content\/uploads\/2025\/02\/IMG_2342-768x768.jpeg 768w, https:\/\/www.drewol.pl\/wp-content\/uploads\/2025\/02\/IMG_2342-1536x1536.jpeg 1536w, https:\/\/www.drewol.pl\/wp-content\/uploads\/2025\/02\/IMG_2342-2048x2048.jpeg 2048w\" sizes=\"auto, (max-width: 600px) 100vw, 600px\" \/><div class=\"wc-block-components-product-image__inner-container\"><\/div><\/a><\/div>\n\n<h2 style=\"line-height:1.4;\" class=\"has-text-align-left wp-block-post-title has-medium-font-size\"><a data-wp-on--click=\"woocommerce\/product-collection::actions.viewProduct\" href=\"https:\/\/www.drewol.pl\/?product=kredka-fluorescencyjna-neon-12\" target=\"_self\" >Kredka fluorescencyjna \u2013 neon 12<\/a><\/h2>\n\n<div data-block-name=\"woocommerce\/product-price\" data-font-size=\"small\" data-is-descendent-of-query-loop=\"true\" data-text-align=\"left\" class=\"has-font-size has-small-font-size has-text-align-left wp-block-woocommerce-product-price has-small-font-size\" ><div class=\"wc-block-components-product-price wc-block-grid__product-price\" >\n\t\t\t\t\t<span class=\"woocommerce-Price-amount amount\"><bdi>35,70&nbsp;<span class=\"woocommerce-Price-currencySymbol\">&#122;&#322;<\/span><\/bdi><\/span>\n\t\t\t\t<\/div><\/div>\n\n\t\t\t\t<\/li><li class=\"wc-block-product post-346 product type-product status-publish has-post-thumbnail product_cat-bez-kategorii first instock shipping-taxable purchasable product-type-simple\"\n\t\t\t\t\t\n\t\t\t\tdata-wp-interactive=\"woocommerce\/product-collection\"\n\t\t\t\tdata-wp-context='{\"productId\":346}'\n\t\t\t\tdata-wp-key=\"product-item-346\"\n\t\t\t\n\t\t\t\t>\n\t\t\t\t\t\n<div data-aspect-ratio=\"1\" data-block-name=\"woocommerce\/product-image\" data-is-descendent-of-query-loop=\"true\" class=\"wc-block-components-product-image wc-block-grid__product-image wc-block-components-product-image--aspect-ratio-1 wp-block-woocommerce-product-image\"><a href=\"https:\/\/www.drewol.pl\/?product=kredka-fluorescencyjna-premium\" style=\"\" data-wp-on--click=\"woocommerce\/product-collection::actions.viewProduct\"><img decoding=\"async\" width=\"600\" height=\"600\" src=\"https:\/\/www.drewol.pl\/wp-content\/uploads\/2025\/04\/IMG_3344-600x600.jpg\" class=\"attachment-woocommerce_single size-woocommerce_single\" alt=\"Kredka fluorescencyjna \u2013 premium\" data-testid=\"product-image\" data-image-id=\"399\" style=\"object-fit:cover;aspect-ratio:1;\" loading=\"lazy\" srcset=\"https:\/\/www.drewol.pl\/wp-content\/uploads\/2025\/04\/IMG_3344-600x600.jpg 600w, https:\/\/www.drewol.pl\/wp-content\/uploads\/2025\/04\/IMG_3344-300x300.jpg 300w, https:\/\/www.drewol.pl\/wp-content\/uploads\/2025\/04\/IMG_3344-1024x1024.jpg 1024w, https:\/\/www.drewol.pl\/wp-content\/uploads\/2025\/04\/IMG_3344-150x150.jpg 150w, https:\/\/www.drewol.pl\/wp-content\/uploads\/2025\/04\/IMG_3344-768x768.jpg 768w, https:\/\/www.drewol.pl\/wp-content\/uploads\/2025\/04\/IMG_3344-1536x1536.jpg 1536w, https:\/\/www.drewol.pl\/wp-content\/uploads\/2025\/04\/IMG_3344-2048x2048.jpg 2048w, https:\/\/www.drewol.pl\/wp-content\/uploads\/2025\/04\/IMG_3344-100x100.jpg 100w\" sizes=\"auto, (max-width: 600px) 100vw, 600px\" \/><div class=\"wc-block-components-product-image__inner-container\"><\/div><\/a><\/div>\n\n<h2 style=\"line-height:1.4;\" class=\"has-text-align-left wp-block-post-title has-medium-font-size\"><a data-wp-on--click=\"woocommerce\/product-collection::actions.viewProduct\" href=\"https:\/\/www.drewol.pl\/?product=kredka-fluorescencyjna-premium\" target=\"_self\" >Kredka fluorescencyjna \u2013 premium<\/a><\/h2>\n\n<div data-block-name=\"woocommerce\/product-price\" data-font-size=\"small\" data-is-descendent-of-query-loop=\"true\" data-text-align=\"left\" class=\"has-font-size has-small-font-size has-text-align-left wp-block-woocommerce-product-price has-small-font-size\" ><div class=\"wc-block-components-product-price wc-block-grid__product-price\" >\n\t\t\t\t\t<span class=\"woocommerce-Price-amount amount\"><bdi>30,75&nbsp;<span class=\"woocommerce-Price-currencySymbol\">&#122;&#322;<\/span><\/bdi><\/span>\n\t\t\t\t<\/div><\/div>\n\n\t\t\t\t<\/li><\/ul><\/div>\n\n\n\n<div class=\"wp-block-buttons alignwide is-content-justification-center is-layout-flex wp-container-core-buttons-is-layout-72caf8c6 wp-block-buttons-is-layout-flex\">\n<div class=\"wp-block-button\"><a class=\"wp-block-button__link has-text-align-center wp-element-button\" href=\"https:\/\/www.drewol.pl\/?page_id=230\">ZOBACZ KOLEKCJ\u0118<\/a><\/div>\n<\/div>\n<\/div>\n\n\n\n<div style=\"height:calc( 0.25 * var(--wp--style--root--padding-right, var(--wp--custom--gap--horizontal)))\" aria-hidden=\"true\" class=\"wp-block-spacer\"><\/div>\n<\/div>\n","protected":false},"excerpt":{"rendered":"<p>Kupuj nowo\u015bci<\/p>\n","protected":false},"author":1,"featured_media":0,"parent":0,"menu_order":0,"comment_status":"closed","ping_status":"closed","template":"","meta":{"footnotes":""},"class_list":["post-68","page","type-page","status-publish","hentry"],"_links":{"self":[{"href":"https:\/\/www.drewol.pl\/index.php?rest_route=\/wp\/v2\/pages\/68","targetHints":{"allow":["GET"]}}],"collection":[{"href":"https:\/\/www.drewol.pl\/index.php?rest_route=\/wp\/v2\/pages"}],"about":[{"href":"https:\/\/www.drewol.pl\/index.php?rest_route=\/wp\/v2\/types\/page"}],"author":[{"embeddable":true,"href":"https:\/\/www.drewol.pl\/index.php?rest_route=\/wp\/v2\/users\/1"}],"replies":[{"embeddable":true,"href":"https:\/\/www.drewol.pl\/index.php?rest_route=%2Fwp%2Fv2%2Fcomments&post=68"}],"version-history":[{"count":61,"href":"https:\/\/www.drewol.pl\/index.php?rest_route=\/wp\/v2\/pages\/68\/revisions"}],"predecessor-version":[{"id":407,"href":"https:\/\/www.drewol.pl\/index.php?rest_route=\/wp\/v2\/pages\/68\/revisions\/407"}],"wp:attachment":[{"href":"https:\/\/www.drewol.pl\/index.php?rest_route=%2Fwp%2Fv2%2Fmedia&parent=68"}],"curies":[{"name":"wp","href":"https:\/\/api.w.org\/{rel}","templated":true}]}}