{"id":340,"date":"2025-04-19T13:46:28","date_gmt":"2025-04-19T13:46:28","guid":{"rendered":"https:\/\/www.drewol.pl\/?post_type=product&#038;p=340"},"modified":"2025-07-21T19:30:57","modified_gmt":"2025-07-21T19:30:57","slug":"kredka-do-znakowania-premium","status":"publish","type":"product","link":"https:\/\/www.drewol.pl\/?product=kredka-do-znakowania-premium","title":{"rendered":"Kredka do znakowania \u2013 PREMIUM"},"content":{"rendered":"<p><strong>Profesjonalna kredka do znakowania<\/strong> <strong>CRAYONS LUMBER<\/strong> to niezawodne narz\u0119dzie dla rzemie\u015blnik\u00f3w, stolarzy, budowla\u0144c\u00f3w i majsterkowicz\u00f3w.<\/p>\n<p>Wersja <strong>grafitowa premium<\/strong> (model <strong>100405<\/strong>) zapewnia trwa\u0142e i precyzyjne oznaczenia na r\u00f3\u017cnych powierzchniach.<\/p>\n<p>\ud83d\udd39 <strong>\u015arednica<\/strong>: 11 mm<br \/>\n\ud83d\udd39 <strong>D\u0142ugo\u015b\u0107<\/strong>: 110 mm<br \/>\n\ud83d\udd39 <strong>Kolor<\/strong>: Grafitowy<br \/>\n\ud83d\udd39 <strong>Zestaw<\/strong>: 12 sztuk<\/p>\n<p>Idealna do oznaczania drewna, metalu, betonu, kamienia i innych materia\u0142\u00f3w. Dzi\u0119ki swojej <strong>wytrzyma\u0142o\u015bci<\/strong> i <strong>wysokiej pigmentacji<\/strong> kredka sprawdzi si\u0119 w trudnych warunkach pracy.<\/p>\n","protected":false},"excerpt":{"rendered":"<p>Profesjonalna kredka do znakowania CRAYONS LUMBER to niezawodne narz\u0119dzie dla rzemie\u015blnik\u00f3w, stolarzy, budowla\u0144c\u00f3w i majsterkowicz\u00f3w. Wersja grafitowa premium (model 100405) zapewnia trwa\u0142e i precyzyjne oznaczenia na r\u00f3\u017cnych powierzchniach. \ud83d\udd39 \u015arednica: 11 mm \ud83d\udd39 D\u0142ugo\u015b\u0107: 110 mm \ud83d\udd39 Kolor: Grafitowy \ud83d\udd39 Zestaw: 12 sztuk Idealna do oznaczania drewna, metalu, betonu, kamienia i innych materia\u0142\u00f3w. Dzi\u0119ki swojej [&hellip;]<\/p>\n","protected":false},"featured_media":404,"comment_status":"open","ping_status":"closed","template":"","meta":[],"product_brand":[],"product_cat":[24],"product_tag":[],"class_list":{"0":"post-340","1":"product","2":"type-product","3":"status-publish","4":"has-post-thumbnail","6":"product_cat-bez-kategorii","8":"first","9":"instock","10":"shipping-taxable","11":"purchasable","12":"product-type-simple"},"_links":{"self":[{"href":"https:\/\/www.drewol.pl\/index.php?rest_route=\/wp\/v2\/product\/340","targetHints":{"allow":["GET"]}}],"collection":[{"href":"https:\/\/www.drewol.pl\/index.php?rest_route=\/wp\/v2\/product"}],"about":[{"href":"https:\/\/www.drewol.pl\/index.php?rest_route=\/wp\/v2\/types\/product"}],"replies":[{"embeddable":true,"href":"https:\/\/www.drewol.pl\/index.php?rest_route=%2Fwp%2Fv2%2Fcomments&post=340"}],"wp:featuredmedia":[{"embeddable":true,"href":"https:\/\/www.drewol.pl\/index.php?rest_route=\/wp\/v2\/media\/404"}],"wp:attachment":[{"href":"https:\/\/www.drewol.pl\/index.php?rest_route=%2Fwp%2Fv2%2Fmedia&parent=340"}],"wp:term":[{"taxonomy":"product_brand","embeddable":true,"href":"https:\/\/www.drewol.pl\/index.php?rest_route=%2Fwp%2Fv2%2Fproduct_brand&post=340"},{"taxonomy":"product_cat","embeddable":true,"href":"https:\/\/www.drewol.pl\/index.php?rest_route=%2Fwp%2Fv2%2Fproduct_cat&post=340"},{"taxonomy":"product_tag","embeddable":true,"href":"https:\/\/www.drewol.pl\/index.php?rest_route=%2Fwp%2Fv2%2Fproduct_tag&post=340"}],"curies":[{"name":"wp","href":"https:\/\/api.w.org\/{rel}","templated":true}]}}