{"id":342,"date":"2025-04-19T13:47:38","date_gmt":"2025-04-19T13:47:38","guid":{"rendered":"https:\/\/www.drewol.pl\/?post_type=product&#038;p=342"},"modified":"2025-07-22T13:56:22","modified_gmt":"2025-07-22T13:56:22","slug":"kredka-fluorescencyjna-winter","status":"publish","type":"product","link":"https:\/\/www.drewol.pl\/?product=kredka-fluorescencyjna-winter","title":{"rendered":"Kredka fluorescencyjna \u2013 winter"},"content":{"rendered":"<div class=\"sc-prose wp-block-surecart-product-description\">\n<p><strong>WINTER \u2013 KREDKA FLUORESCENCYJNA<\/strong> to specjalistyczna kredka stworzona do pracy w trudnych warunkach zimowych. Dzi\u0119ki <strong>innowacyjnej formule<\/strong>, jej \u015blad pozostaje intensywny i dobrze widoczny nawet w bardzo niskich temperaturach. Idealna do oznaczania drewna suchego, stosowana w systemach optycznych maszyn optymalizuj\u0105cych.<\/p>\n<p>\u2714 <strong>Odporno\u015b\u0107 na mr\u00f3z<\/strong> \u2013 dzia\u0142a niezawodnie nawet w ekstremalnych warunkach.<\/p>\n<p>\u2714 <strong>Twarda i wydajna<\/strong> \u2013 kilkakrotnie trwalsza ni\u017c standardowe kredki dost\u0119pne na rynku.<\/p>\n<p>\u2714 <strong>Sze\u015bciok\u0105tny kszta\u0142t<\/strong> \u2013 zapobiega toczeniu si\u0119<\/p>\n<p>\u2714 <strong>Wymiary:<\/strong> 12 \u00d7 120 mm<\/p>\n<p>\u2714 <strong>Opakowanie:<\/strong> 12 sztuk<\/p>\n<\/div>\n","protected":false},"excerpt":{"rendered":"<p>WINTER \u2013 KREDKA FLUORESCENCYJNA to specjalistyczna kredka stworzona do pracy w trudnych warunkach zimowych. Dzi\u0119ki innowacyjnej formule, jej \u015blad pozostaje intensywny i dobrze widoczny nawet w bardzo niskich temperaturach. Idealna do oznaczania drewna suchego, stosowana w systemach optycznych maszyn optymalizuj\u0105cych. \u2714 Odporno\u015b\u0107 na mr\u00f3z \u2013 dzia\u0142a niezawodnie nawet w ekstremalnych warunkach. \u2714 Twarda i wydajna [&hellip;]<\/p>\n","protected":false},"featured_media":401,"comment_status":"open","ping_status":"closed","template":"","meta":[],"product_brand":[],"product_cat":[24],"product_tag":[],"class_list":{"0":"post-342","1":"product","2":"type-product","3":"status-publish","4":"has-post-thumbnail","6":"product_cat-bez-kategorii","8":"first","9":"instock","10":"shipping-taxable","11":"purchasable","12":"product-type-simple"},"_links":{"self":[{"href":"https:\/\/www.drewol.pl\/index.php?rest_route=\/wp\/v2\/product\/342","targetHints":{"allow":["GET"]}}],"collection":[{"href":"https:\/\/www.drewol.pl\/index.php?rest_route=\/wp\/v2\/product"}],"about":[{"href":"https:\/\/www.drewol.pl\/index.php?rest_route=\/wp\/v2\/types\/product"}],"replies":[{"embeddable":true,"href":"https:\/\/www.drewol.pl\/index.php?rest_route=%2Fwp%2Fv2%2Fcomments&post=342"}],"wp:featuredmedia":[{"embeddable":true,"href":"https:\/\/www.drewol.pl\/index.php?rest_route=\/wp\/v2\/media\/401"}],"wp:attachment":[{"href":"https:\/\/www.drewol.pl\/index.php?rest_route=%2Fwp%2Fv2%2Fmedia&parent=342"}],"wp:term":[{"taxonomy":"product_brand","embeddable":true,"href":"https:\/\/www.drewol.pl\/index.php?rest_route=%2Fwp%2Fv2%2Fproduct_brand&post=342"},{"taxonomy":"product_cat","embeddable":true,"href":"https:\/\/www.drewol.pl\/index.php?rest_route=%2Fwp%2Fv2%2Fproduct_cat&post=342"},{"taxonomy":"product_tag","embeddable":true,"href":"https:\/\/www.drewol.pl\/index.php?rest_route=%2Fwp%2Fv2%2Fproduct_tag&post=342"}],"curies":[{"name":"wp","href":"https:\/\/api.w.org\/{rel}","templated":true}]}}