{"id":343,"date":"2025-04-19T13:49:02","date_gmt":"2025-04-19T13:49:02","guid":{"rendered":"https:\/\/www.drewol.pl\/?post_type=product&#038;p=343"},"modified":"2025-07-21T19:31:15","modified_gmt":"2025-07-21T19:31:15","slug":"kredka-fluorescencyjna-neon","status":"publish","type":"product","link":"https:\/\/www.drewol.pl\/?product=kredka-fluorescencyjna-neon","title":{"rendered":"Kredka fluorescencyjna \u2013 neon"},"content":{"rendered":"<div class=\"sc-prose wp-block-surecart-product-description\">\n<p>Mniejsza wersja kredki <strong>NEON 12<\/strong>, zaprojektowana do precyzyjnego znakowania drewna w systemach optycznych. <strong>Neonowy kolor<\/strong> zapewnia \u015bwietn\u0105 widoczno\u015b\u0107, a specjalna formu\u0142a chroni przed <strong>p\u0119kaniem i kruszeniem<\/strong>.\u00a0\u015awietny wyb\u00f3r dla tych, kt\u00f3rzy ceni\u0105 <strong>wygod\u0119, wydajno\u015b\u0107 i oszcz\u0119dno\u015b\u0107!<\/strong><\/p>\n<p>\u2714 <strong>Wzmocniona fluorescencja<\/strong> \u2013 doskona\u0142a widoczno\u015b\u0107 nawet przy s\u0142abym o\u015bwietleniu<br \/>\n\u2714 <strong>Sze\u015bciok\u0105tny kszta\u0142t<\/strong> \u2013 zapobiega toczeniu si\u0119<br \/>\n\u2714 <strong>Trwa\u0142o\u015b\u0107 i odporno\u015b\u0107<\/strong> \u2013 nie p\u0119ka ani nie kruszy si\u0119<br \/>\n\u2714 <strong>Wymiary:<\/strong> 11 \u00d7 120 mm<br \/>\n\u2714 <strong>Opakowanie:<\/strong> 12 sztuk<\/p>\n<p><strong>Kilkukrotnie bardziej wydajna<\/strong> ni\u017c standardowe kredki na rynku.<br \/>\n<strong>Kompatybilna z systemami optycznymi w przemy\u015ble drzewnym.\u00a0<\/strong>Idealne rozwi\u0105zanie dla zak\u0142ad\u00f3w stolarskich, tartak\u00f3w i linii produkcyjnych!<\/p>\n<\/div>\n","protected":false},"excerpt":{"rendered":"<p>Mniejsza wersja kredki NEON 12, zaprojektowana do precyzyjnego znakowania drewna w systemach optycznych. Neonowy kolor zapewnia \u015bwietn\u0105 widoczno\u015b\u0107, a specjalna formu\u0142a chroni przed p\u0119kaniem i kruszeniem.\u00a0\u015awietny wyb\u00f3r dla tych, kt\u00f3rzy ceni\u0105 wygod\u0119, wydajno\u015b\u0107 i oszcz\u0119dno\u015b\u0107! \u2714 Wzmocniona fluorescencja \u2013 doskona\u0142a widoczno\u015b\u0107 nawet przy s\u0142abym o\u015bwietleniu \u2714 Sze\u015bciok\u0105tny kszta\u0142t \u2013 zapobiega toczeniu si\u0119 \u2714 Trwa\u0142o\u015b\u0107 i [&hellip;]<\/p>\n","protected":false},"featured_media":398,"comment_status":"open","ping_status":"closed","template":"","meta":[],"product_brand":[],"product_cat":[24],"product_tag":[],"class_list":{"0":"post-343","1":"product","2":"type-product","3":"status-publish","4":"has-post-thumbnail","6":"product_cat-bez-kategorii","8":"first","9":"instock","10":"shipping-taxable","11":"purchasable","12":"product-type-simple"},"_links":{"self":[{"href":"https:\/\/www.drewol.pl\/index.php?rest_route=\/wp\/v2\/product\/343","targetHints":{"allow":["GET"]}}],"collection":[{"href":"https:\/\/www.drewol.pl\/index.php?rest_route=\/wp\/v2\/product"}],"about":[{"href":"https:\/\/www.drewol.pl\/index.php?rest_route=\/wp\/v2\/types\/product"}],"replies":[{"embeddable":true,"href":"https:\/\/www.drewol.pl\/index.php?rest_route=%2Fwp%2Fv2%2Fcomments&post=343"}],"wp:featuredmedia":[{"embeddable":true,"href":"https:\/\/www.drewol.pl\/index.php?rest_route=\/wp\/v2\/media\/398"}],"wp:attachment":[{"href":"https:\/\/www.drewol.pl\/index.php?rest_route=%2Fwp%2Fv2%2Fmedia&parent=343"}],"wp:term":[{"taxonomy":"product_brand","embeddable":true,"href":"https:\/\/www.drewol.pl\/index.php?rest_route=%2Fwp%2Fv2%2Fproduct_brand&post=343"},{"taxonomy":"product_cat","embeddable":true,"href":"https:\/\/www.drewol.pl\/index.php?rest_route=%2Fwp%2Fv2%2Fproduct_cat&post=343"},{"taxonomy":"product_tag","embeddable":true,"href":"https:\/\/www.drewol.pl\/index.php?rest_route=%2Fwp%2Fv2%2Fproduct_tag&post=343"}],"curies":[{"name":"wp","href":"https:\/\/api.w.org\/{rel}","templated":true}]}}