{"id":344,"date":"2025-04-19T13:51:14","date_gmt":"2025-04-19T13:51:14","guid":{"rendered":"https:\/\/www.drewol.pl\/?post_type=product&#038;p=344"},"modified":"2025-07-21T19:29:54","modified_gmt":"2025-07-21T19:29:54","slug":"kredka-fluorescencyjna-medium","status":"publish","type":"product","link":"https:\/\/www.drewol.pl\/?product=kredka-fluorescencyjna-medium","title":{"rendered":"Kredka fluorescencyjna \u2013 medium"},"content":{"rendered":"<div class=\"sc-prose wp-block-surecart-product-description\">\n<p>Profesjonalna kredka znakuj\u0105ca <strong>CRAYONS LUMBER<\/strong> do drewna mokrego i suchego. Dzi\u0119ki sze\u015bciok\u0105tnemu kszta\u0142towi nie toczy si\u0119 po powierzchniach, a specjalna formu\u0142a zapewnia <strong>elastyczno\u015b\u0107, odporno\u015b\u0107 na p\u0119kanie i kruszenie<\/strong>.\u00a0Idealna do system\u00f3w optycznych maszyn optymalizuj\u0105cych.<\/p>\n<p>\u2714 <strong>Sze\u015bciok\u0105tny kszta\u0142t<\/strong> \u2013 zapobiega toczeniu si\u0119<br \/>\n\u2714 <strong>Trwa\u0142o\u015b\u0107 i odporno\u015b\u0107<\/strong> \u2013 nie p\u0119ka ani nie kruszy si\u0119<br \/>\n\u2714 <strong>Wymiary:<\/strong> 12 \u00d7 120 mm<br \/>\n\u2714 <strong>Opakowanie:<\/strong> 12 sztuk<\/p>\n<p><strong>Kilkukrotnie bardziej wydajna<\/strong> ni\u017c standardowe kredki na rynku.<br \/>\n<strong>Kompatybilna z systemami optycznymi w przemy\u015ble drzewnym.<\/strong><\/p>\n<\/div>\n","protected":false},"excerpt":{"rendered":"<p>Profesjonalna kredka znakuj\u0105ca CRAYONS LUMBER do drewna mokrego i suchego. Dzi\u0119ki sze\u015bciok\u0105tnemu kszta\u0142towi nie toczy si\u0119 po powierzchniach, a specjalna formu\u0142a zapewnia elastyczno\u015b\u0107, odporno\u015b\u0107 na p\u0119kanie i kruszenie.\u00a0Idealna do system\u00f3w optycznych maszyn optymalizuj\u0105cych. \u2714 Sze\u015bciok\u0105tny kszta\u0142t \u2013 zapobiega toczeniu si\u0119 \u2714 Trwa\u0142o\u015b\u0107 i odporno\u015b\u0107 \u2013 nie p\u0119ka ani nie kruszy si\u0119 \u2714 Wymiary: 12 \u00d7 [&hellip;]<\/p>\n","protected":false},"featured_media":37,"comment_status":"open","ping_status":"closed","template":"","meta":[],"product_brand":[],"product_cat":[24],"product_tag":[],"class_list":{"0":"post-344","1":"product","2":"type-product","3":"status-publish","4":"has-post-thumbnail","6":"product_cat-bez-kategorii","8":"first","9":"instock","10":"featured","11":"shipping-taxable","12":"purchasable","13":"product-type-simple"},"_links":{"self":[{"href":"https:\/\/www.drewol.pl\/index.php?rest_route=\/wp\/v2\/product\/344","targetHints":{"allow":["GET"]}}],"collection":[{"href":"https:\/\/www.drewol.pl\/index.php?rest_route=\/wp\/v2\/product"}],"about":[{"href":"https:\/\/www.drewol.pl\/index.php?rest_route=\/wp\/v2\/types\/product"}],"replies":[{"embeddable":true,"href":"https:\/\/www.drewol.pl\/index.php?rest_route=%2Fwp%2Fv2%2Fcomments&post=344"}],"wp:featuredmedia":[{"embeddable":true,"href":"https:\/\/www.drewol.pl\/index.php?rest_route=\/wp\/v2\/media\/37"}],"wp:attachment":[{"href":"https:\/\/www.drewol.pl\/index.php?rest_route=%2Fwp%2Fv2%2Fmedia&parent=344"}],"wp:term":[{"taxonomy":"product_brand","embeddable":true,"href":"https:\/\/www.drewol.pl\/index.php?rest_route=%2Fwp%2Fv2%2Fproduct_brand&post=344"},{"taxonomy":"product_cat","embeddable":true,"href":"https:\/\/www.drewol.pl\/index.php?rest_route=%2Fwp%2Fv2%2Fproduct_cat&post=344"},{"taxonomy":"product_tag","embeddable":true,"href":"https:\/\/www.drewol.pl\/index.php?rest_route=%2Fwp%2Fv2%2Fproduct_tag&post=344"}],"curies":[{"name":"wp","href":"https:\/\/api.w.org\/{rel}","templated":true}]}}