{"id":346,"date":"2025-04-19T13:55:22","date_gmt":"2025-04-19T13:55:22","guid":{"rendered":"https:\/\/www.drewol.pl\/?post_type=product&#038;p=346"},"modified":"2025-07-21T19:30:18","modified_gmt":"2025-07-21T19:30:18","slug":"kredka-fluorescencyjna-premium","status":"publish","type":"product","link":"https:\/\/www.drewol.pl\/?product=kredka-fluorescencyjna-premium","title":{"rendered":"Kredka fluorescencyjna \u2013 premium"},"content":{"rendered":"<div class=\"sc-prose wp-block-surecart-product-description\">\n<p>Kredka\u00a0<strong>PREMIUM FLUORESCENCYJNA <\/strong>to idealne narz\u0119dzie dla profesjonalist\u00f3w pracuj\u0105cych z <strong>drewnem suchym<\/strong>. Dzi\u0119ki <strong>twardej formule<\/strong> i <strong>intensywnym kolorom<\/strong>zapewnia wyra\u017any, dobrze widoczny \u015blad, kt\u00f3ry sprawdza si\u0119 w zaawansowanych <strong>systemach optycznych maszyn optymalizuj\u0105cych<\/strong>.<\/p>\n<p>\u2714 <strong>Wysoka wydajno\u015b\u0107<\/strong> \u2013 kilkakrotnie d\u0142u\u017csza \u017cywotno\u015b\u0107 w por\u00f3wnaniu do standardowych kredek dost\u0119pnych na rynku.<\/p>\n<p>\u2714 <strong>Precyzyjne oznaczenia<\/strong> \u2013 wyra\u017any, trwa\u0142y \u015blad na drewnie suchym.<\/p>\n<p>\u2714 <strong>Sze\u015bciok\u0105tny kszta\u0142t<\/strong> \u2013 zapobiega toczeniu si\u0119<\/p>\n<p>\u2714 <strong>Wymiary:<\/strong> 12 \u00d7 110 mm<\/p>\n<p>\u2714 <strong>Opakowanie:<\/strong> 12 sztuk<\/p>\n<\/div>\n","protected":false},"excerpt":{"rendered":"<p>Kredka\u00a0PREMIUM FLUORESCENCYJNA to idealne narz\u0119dzie dla profesjonalist\u00f3w pracuj\u0105cych z drewnem suchym. Dzi\u0119ki twardej formule i intensywnym koloromzapewnia wyra\u017any, dobrze widoczny \u015blad, kt\u00f3ry sprawdza si\u0119 w zaawansowanych systemach optycznych maszyn optymalizuj\u0105cych. \u2714 Wysoka wydajno\u015b\u0107 \u2013 kilkakrotnie d\u0142u\u017csza \u017cywotno\u015b\u0107 w por\u00f3wnaniu do standardowych kredek dost\u0119pnych na rynku. \u2714 Precyzyjne oznaczenia \u2013 wyra\u017any, trwa\u0142y \u015blad na drewnie suchym. [&hellip;]<\/p>\n","protected":false},"featured_media":399,"comment_status":"open","ping_status":"closed","template":"","meta":[],"product_brand":[],"product_cat":[24],"product_tag":[],"class_list":{"0":"post-346","1":"product","2":"type-product","3":"status-publish","4":"has-post-thumbnail","6":"product_cat-bez-kategorii","8":"first","9":"instock","10":"shipping-taxable","11":"purchasable","12":"product-type-simple"},"_links":{"self":[{"href":"https:\/\/www.drewol.pl\/index.php?rest_route=\/wp\/v2\/product\/346","targetHints":{"allow":["GET"]}}],"collection":[{"href":"https:\/\/www.drewol.pl\/index.php?rest_route=\/wp\/v2\/product"}],"about":[{"href":"https:\/\/www.drewol.pl\/index.php?rest_route=\/wp\/v2\/types\/product"}],"replies":[{"embeddable":true,"href":"https:\/\/www.drewol.pl\/index.php?rest_route=%2Fwp%2Fv2%2Fcomments&post=346"}],"wp:featuredmedia":[{"embeddable":true,"href":"https:\/\/www.drewol.pl\/index.php?rest_route=\/wp\/v2\/media\/399"}],"wp:attachment":[{"href":"https:\/\/www.drewol.pl\/index.php?rest_route=%2Fwp%2Fv2%2Fmedia&parent=346"}],"wp:term":[{"taxonomy":"product_brand","embeddable":true,"href":"https:\/\/www.drewol.pl\/index.php?rest_route=%2Fwp%2Fv2%2Fproduct_brand&post=346"},{"taxonomy":"product_cat","embeddable":true,"href":"https:\/\/www.drewol.pl\/index.php?rest_route=%2Fwp%2Fv2%2Fproduct_cat&post=346"},{"taxonomy":"product_tag","embeddable":true,"href":"https:\/\/www.drewol.pl\/index.php?rest_route=%2Fwp%2Fv2%2Fproduct_tag&post=346"}],"curies":[{"name":"wp","href":"https:\/\/api.w.org\/{rel}","templated":true}]}}